{"id":1495,"date":"2026-04-06T08:28:45","date_gmt":"2026-04-06T07:28:45","guid":{"rendered":"https:\/\/thehappyjokers.com\/accesso-e-registrazione\/"},"modified":"2026-04-06T12:55:42","modified_gmt":"2026-04-06T11:55:42","slug":"inicio-de-sessao-e-registo","status":"publish","type":"page","link":"https:\/\/thehappyjokers.com\/pt-pt\/inicio-de-sessao-e-registo\/","title":{"rendered":"In\u00edcio de sess\u00e3o e registo"},"content":{"rendered":"<h1>In\u00edcio de sess\u00e3o e registo no Happyjokers<\/h1>\n<p>O processo de Happyjokers login oferece aos nossos utilizadores portugueses muito mais op\u00e7\u00f5es do que simplesmente navegar no nosso site como convidados. Ap\u00f3s seguir alguns passos simples, poder\u00e1 n\u00e3o s\u00f3 desfrutar de uma vasta cole\u00e7\u00e3o dos nossos emocionantes jogos, mas tamb\u00e9m come\u00e7ar a ganhar dinheiro real. E, felizmente, o registo demora menos de um minuto.<\/p>\n<p><div class=\"banner-wrap\" aria-label=\"Banner\"><img src=\"https:\/\/thehappyjokers.com\/wp-content\/uploads\/2026\/02\/Banner-Desktop.webp\" class=\"w-100 d-none d-lg-block img-pc main-banner-img\" alt=\"Banner Desktop\" fetchpriority=\"high\" decoding=\"async\"><img src=\"https:\/\/thehappyjokers.com\/wp-content\/uploads\/2026\/02\/Banner-mobile.webp\" class=\"w-100 d-none d-md-block d-lg-none main-banner-img\" alt=\"Banner mobile\" fetchpriority=\"high\" decoding=\"async\"><img src=\"https:\/\/thehappyjokers.com\/wp-content\/uploads\/2026\/02\/Banner-mobile.webp\" class=\"w-100 d-md-none\" alt=\"Banner mobile\" fetchpriority=\"high\" decoding=\"async\"><div class=\"banner-description\">\n<div class=\"banner-title\">B\u00f3nus de Boas-Vindas<\/div>\n<p class=\"banner-header-title\">1 500 \u20ac<\/p>\n<div class=\"banner-header-AdditionalText\">+ 250 Rodadas Gr\u00e1tis<\/div>\n<button data-item=\"homepage_banner_link\" class=\"goto m-button m-gradient-border m-button--primary m-button--large banner-button btn-orange\">\n            <div class=\"m-button-content\">\n                <span>Inscreva-se Agora<\/span>\n                <span><\/span>\n            <\/div>\n        <\/button>\n<\/div>\n<div class=\"WelcomePack\">\n<p><img loading=\"lazy\" decoding=\"async\" class=\"alignnone size-full wp-image-1753\" src=\"https:\/\/thehappyjokers.com\/wp-content\/uploads\/welcome-crown-1.png\" alt=\"welcome crown\" width=\"25\" height=\"26\" \/><\/p>\n<div class=\"WelcomePack-Info\">Cashback semanal at\u00e9 25%<\/div>\n<p><img loading=\"lazy\" decoding=\"async\" class=\"alignnone size-full wp-image-1753\" src=\"https:\/\/thehappyjokers.com\/wp-content\/uploads\/welcome-crown-1.png\" alt=\"welcome crown\" width=\"25\" height=\"26\" \/><\/p>\n<\/div>\n<\/div><div class=\"scrollable-content-wrap my-5\"><div class=\"scrollable-content-inner\"><h2>Registo no Happyjokers Casino<\/h2>\n<p>Damos grande import\u00e2ncia \u00e0 seguran\u00e7a e \u00e0 \u00e9tica da experi\u00eancia de jogo dos nossos jogadores. Por este motivo, apenas quem tiver pelo menos 18 anos de idade pode tornar-se membro do Happy Jokers. Se cumprir os nossos requisitos de elegibilidade, ter\u00e1 acesso total a todas as funcionalidades e cole\u00e7\u00f5es de jogos da nossa plataforma.<\/p>\n<h3>Como criar uma conta no Happyjokers Casino?<\/h3>\n<p>O nosso processo de registo no Happyjokers envolve alguns passos simples. Para come\u00e7ar, basta visitar o nosso site. Pode faz\u00ea-lo atrav\u00e9s do seu navegador ou da nossa aplica\u00e7\u00e3o:<\/p>\n<ol>\n<li>Clique em \u00abRegiste-se\u00bb no canto superior direito ou na p\u00e1gina inicial.<\/li>\n<li>Introduza o seu e-mail e c\u00f3digo promocional (se dispon\u00edvel).<\/li>\n<li>Crie uma palavra-passe.<\/li>\n<li>Confirme a sua idade.<\/li>\n<li>Preencha o seu nome e data de nascimento.<\/li>\n<\/ol>\n<p>Em seguida, receber\u00e1 uma notifica\u00e7\u00e3o a informar que o seu perfil foi criado com sucesso.<\/p>\n<p><img loading=\"lazy\" decoding=\"async\" class=\"alignnone size-full wp-image-1780\" src=\"https:\/\/thehappyjokers.com\/wp-content\/uploads\/HappyJokers-Login-Page.webp\" alt=\"HappyJokers Login Page\" width=\"1248\" height=\"536\" srcset=\"https:\/\/thehappyjokers.com\/wp-content\/uploads\/HappyJokers-Login-Page.webp 1248w, https:\/\/thehappyjokers.com\/wp-content\/uploads\/HappyJokers-Login-Page-300x129.webp 300w, https:\/\/thehappyjokers.com\/wp-content\/uploads\/HappyJokers-Login-Page-1024x440.webp 1024w, https:\/\/thehappyjokers.com\/wp-content\/uploads\/HappyJokers-Login-Page-768x330.webp 768w\" sizes=\"auto, (max-width: 1248px) 100vw, 1248px\" \/><\/p>\n<h2>Inicie sess\u00e3o e fa\u00e7a a gest\u00e3o da sua conta Happy Jokers<\/h2>\n<p>O processo de in\u00edcio de sess\u00e3o no Happy Jokers \u00e9 muito semelhante ao registo: tem de clicar no bot\u00e3o \u00abConecte-se\u00bb no lado direito do cabe\u00e7alho. Desta vez, ter\u00e1 de introduzir muito menos dados para concluir a autoriza\u00e7\u00e3o \u2013 apenas o seu e-mail e palavra-passe. Se guardou as suas credenciais no navegador durante a sua primeira sess\u00e3o, n\u00e3o precisar\u00e1 de as introduzir novamente no futuro: o processo ser\u00e1 conclu\u00eddo automaticamente.<\/p>\n<p>Assim que o seu perfil estiver ativo, pode gerir as suas sec\u00e7\u00f5es principais.<\/p>\n<table>\n<tbody>\n<tr>\n<td>Sec\u00e7\u00f5es da conta<\/td>\n<td>O que pode fazer<\/td>\n<\/tr>\n<tr>\n<td>Perfil<\/td>\n<td>Atualizar as suas informa\u00e7\u00f5es pessoais e dados de login<\/td>\n<\/tr>\n<tr>\n<td>Carteira<\/td>\n<td>Adicione dinheiro e retire os seus fundos<\/td>\n<\/tr>\n<tr>\n<td>Programa de Fidelidade<\/td>\n<td>Consulte os b\u00f3nus e as ofertas especiais<\/td>\n<\/tr>\n<tr>\n<td>Hist\u00f3rico<\/td>\n<td>Veja os seus jogos e transa\u00e7\u00f5es<\/td>\n<\/tr>\n<tr>\n<td>Convidar amigos<\/td>\n<td>Convide amigos e ganhe recompensas<\/td>\n<\/tr>\n<tr>\n<td>Notifica\u00e7\u00f5es<\/td>\n<td>Gerir os seus alertas e atualiza\u00e7\u00f5es<\/td>\n<\/tr>\n<tr>\n<td>Centro de Ajuda<\/td>\n<td>Obtenha ajuda e encontre respostas (Perguntas frequentes)<\/td>\n<\/tr>\n<tr>\n<td>Sair<\/td>\n<td>Sair da sua conta<\/td>\n<\/tr>\n<\/tbody>\n<\/table>\n<h3>Como iniciar sess\u00e3o atrav\u00e9s da aplica\u00e7\u00e3o m\u00f3vel<\/h3>\n<p>A nossa plataforma est\u00e1 dispon\u00edvel tanto em ecr\u00e3s grandes como pequenos. Com a aplica\u00e7\u00e3o Happyjokers, pode desfrutar de jogar no seu smartphone. Para come\u00e7ar, basta encontrar o \u00edcone dedicado no rodap\u00e9 do site oficial e instalar a aplica\u00e7\u00e3o no seu dispositivo. Depois disso, introduza as suas credenciais para aceder \u00e0 sua conta de uma forma mais pr\u00e1tica. Tal como na vers\u00e3o para computador, a aplica\u00e7\u00e3o m\u00f3vel pode guard\u00e1-las, pelo que da pr\u00f3xima vez s\u00f3 ter\u00e1 de tocar no atalho para iniciar sess\u00e3o.<\/p>\n<h3>Esqueceu-se da sua palavra-passe?<\/h3>\n<p>Se n\u00e3o se lembra dos seus dados de login do Happyjokers, pode redefini-los facilmente. Basta clicar na op\u00e7\u00e3o abaixo do formul\u00e1rio: ser-lhe-\u00e1 pedido que introduza o endere\u00e7o de e-mail utilizado durante o registo. Em seguida, receber\u00e1 todas as instru\u00e7\u00f5es \u2013 basta seguir o link para definir uma nova palavra-passe. Recomendamos tamb\u00e9m que a guarde para n\u00e3o ter de a voltar a digitar no futuro.<\/p>\n<h2>Verifica\u00e7\u00e3o do Happy Jokers Casino<\/h2>\n<p>\u00c9 muito importante para n\u00f3s proteger os dados pessoais e banc\u00e1rios dos nossos jogadores. Para ativar totalmente a sua conta e efetuar transa\u00e7\u00f5es financeiras sem limita\u00e7\u00f5es, precisa de concluir o processo de verifica\u00e7\u00e3o antes do seu primeiro levantamento.<\/p>\n<p>Como parte da verifica\u00e7\u00e3o, poderemos solicitar estes documentos:<\/p>\n<ul>\n<li>c\u00f3pias do seu cart\u00e3o de identidade ou passaporte<\/li>\n<li>c\u00f3pias das suas faturas de servi\u00e7os p\u00fablicos<\/li>\n<li>c\u00f3pias do seu cart\u00e3o de d\u00e9bito ou cr\u00e9dito<\/li>\n<\/ul>\n<p>Tenha em aten\u00e7\u00e3o que todos os documentos que fornecer ao Happyjokers Casino devem ser v\u00e1lidos e aut\u00eanticos. Assim que os nossos moderadores conclu\u00edrem a verifica\u00e7\u00e3o, poder\u00e1 continuar a levantar fundos livremente.<\/p>\n<h2>Problemas comuns e solu\u00e7\u00f5es r\u00e1pidas<\/h2>\n<p>O processo de login no Happyjokers pode, por vezes, ser dif\u00edcil por v\u00e1rias raz\u00f5es. Por isso, os nossos jogadores n\u00e3o conseguem ter a experi\u00eancia de jogo que esperariam. Se isto lhe acontecer, pode descrever a sua situa\u00e7\u00e3o \u00e0 nossa equipa de apoio ao cliente, que oferece assist\u00eancia multilingue 24 horas por dia, 7 dias por semana. Mas, em alguns casos, basta verificar algumas poss\u00edveis causas do problema:<\/p>\n<table>\n<tbody>\n<tr>\n<td>Problema<\/td>\n<td>Poss\u00edveis raz\u00f5es<\/td>\n<td>Solu\u00e7\u00e3o<\/td>\n<\/tr>\n<tr>\n<td>Nome de utilizador ou palavra-passe incorretos<\/td>\n<td>A tecla Caps Lock pode estar ativada ou o seu navegador pode ter guardado uma palavra-passe antiga<\/td>\n<td>Verifique as informa\u00e7\u00f5es que introduziu ou utilize a op\u00e7\u00e3o de recupera\u00e7\u00e3o de palavra-passe<\/td>\n<\/tr>\n<tr>\n<td>O e-mail de redefini\u00e7\u00e3o da palavra-passe n\u00e3o foi recebido<\/td>\n<td>O e-mail pode estar na sua pasta de spam ou pode ter introduzido os dados errados<\/td>\n<td>Abra a sua pasta de spam ou tente novamente<\/td>\n<\/tr>\n<tr>\n<td>A conta est\u00e1 bloqueada<\/td>\n<td>Isto pode acontecer devido a viola\u00e7\u00f5es das regras, atividade suspeita ou demasiadas tentativas de in\u00edcio de sess\u00e3o falhadas<\/td>\n<td>Contacte a nossa equipa de apoio atrav\u00e9s do chat ao vivo<\/td>\n<\/tr>\n<tr>\n<td>O acesso est\u00e1 restrito<\/td>\n<td>O Happyjokers Casino pode n\u00e3o estar dispon\u00edvel no seu pa\u00eds, ou poder\u00e1 estar a utilizar uma VPN\/proxy<\/td>\n<td>Desative a sua VPN ou verifique a disponibilidade na sua localiza\u00e7\u00e3o<\/td>\n<\/tr>\n<tr>\n<td>Problemas t\u00e9cnicos<\/td>\n<td>Isto pode dever-se a um navegador desatualizado ou a fatores do lado do servidor<\/td>\n<td>Tente atualiz\u00e1-lo, limpar a cache ou mudar de dispositivo<\/td>\n<\/tr>\n<tr>\n<td>O site est\u00e1 a carregar lentamente<\/td>\n<td>A sua liga\u00e7\u00e3o pode estar inst\u00e1vel ou o servidor pode estar sobrecarregado<\/td>\n<td>Verifique a sua liga\u00e7\u00e3o \u00e0 Internet ou tente novamente mais tarde<\/td>\n<\/tr>\n<\/tbody>\n<\/table>\n<h2>Perguntas frequentes<\/h2>\n<h3>Posso adicionar um c\u00f3digo promocional depois de j\u00e1 ter conclu\u00eddo o registo no Happy Jokers?<\/h3>\n<p>Esta op\u00e7\u00e3o s\u00f3 est\u00e1 dispon\u00edvel durante o registo no Happy Jokers Casino. Tem de o introduzir nesta fase: caso contr\u00e1rio, n\u00e3o ser\u00e1 v\u00e1lido posteriormente.<\/p>\n<h3>O que devo fazer se o sistema indicar que a minha palavra-passe est\u00e1 incorreta, mas tenho a certeza de que n\u00e3o est\u00e1?<\/h3>\n<p>Verifique se a tecla Caps Lock est\u00e1 ativada ou se o seu navegador est\u00e1 a guardar dados de login desatualizados do Happy Jokers. Basta digitar os seus dados novamente ou solicitar uma redefini\u00e7\u00e3o de palavra-passe.<\/p>\n<h3>Como atualizo o meu n\u00famero de telefone ou outros dados de contacto na minha conta?<\/h3>\n<p>Cada utilizador do Happy Jokers Casino pode editar as suas informa\u00e7\u00f5es na sec\u00e7\u00e3o \u00abPerfil\u00bb. Tenha em aten\u00e7\u00e3o que, em alguns casos, poderemos solicitar verifica\u00e7\u00f5es de identidade adicionais.<\/p>\n<h3>Posso iniciar sess\u00e3o no Happyjokers em v\u00e1rios dispositivos ao mesmo tempo?<\/h3>\n<p>Pode aceder \u00e0 nossa plataforma atrav\u00e9s de um navegador ou da aplica\u00e7\u00e3o m\u00f3vel. No entanto, por motivos de seguran\u00e7a, limitamos as sess\u00f5es simult\u00e2neas. Por isso, pedimos-lhe que utilize apenas um m\u00e9todo de in\u00edcio de sess\u00e3o preferido no Happyjokers de cada vez.<\/p>\n<h3>Posso continuar a jogar e a fazer dep\u00f3sitos enquanto a minha verifica\u00e7\u00e3o est\u00e1 a ser analisada?<\/h3>\n<p>N\u00e3o restringimos a atividade de jogo dos nossos jogadores nem os impedimos de gerir o seu saldo. No entanto, se pretender levantar fundos da sua conta no Happyjokers Casino, ter\u00e1 de concluir um processo de confirma\u00e7\u00e3o de identidade.<\/p>\n<\/div><\/div><\/p>\n","protected":false},"excerpt":{"rendered":"<p>In\u00edcio de sess\u00e3o e registo no Happyjokers O processo de Happyjokers login oferece aos nossos utilizadores portugueses muito mais op\u00e7\u00f5es do que simplesmente navegar no nosso site como convidados. Ap\u00f3s seguir alguns passos simples, poder\u00e1 n\u00e3o s\u00f3 desfrutar de uma vasta cole\u00e7\u00e3o dos nossos emocionantes jogos, mas tamb\u00e9m come\u00e7ar a ganhar dinheiro real. E, felizmente, [&hellip;]<\/p>\n","protected":false},"author":1,"featured_media":0,"parent":0,"menu_order":0,"comment_status":"closed","ping_status":"closed","template":"template-builder.php","meta":{"_acf_changed":false,"inline_featured_image":false,"footnotes":""},"class_list":["post-1495","page","type-page","status-publish","hentry"],"acf":[],"yoast_head":"<!-- This site is optimized with the Yoast SEO plugin v27.3 - https:\/\/yoast.com\/product\/yoast-seo-wordpress\/ -->\n<title>Happyjokers Login \u2013 Inicie Sess\u00e3o ou Crie uma Conta<\/title>\n<meta name=\"description\" content=\"Inicie sess\u00e3o no Happy Jokers Casino ou registe uma nova conta em minutos. Aceda de forma segura ao seu saldo, caixa, promo\u00e7\u00f5es ativas e defini\u00e7\u00f5es de jogo respons\u00e1vel.\" \/>\n<meta name=\"robots\" content=\"index, follow, max-snippet:-1, max-image-preview:large, max-video-preview:-1\" \/>\n<link rel=\"canonical\" href=\"https:\/\/thehappyjokers.com\/pt-pt\/inicio-de-sessao-e-registo\/\" \/>\n<meta property=\"og:locale\" content=\"pt_PT\" \/>\n<meta property=\"og:type\" content=\"article\" \/>\n<meta property=\"og:title\" content=\"Happyjokers Login \u2013 Inicie Sess\u00e3o ou Crie uma Conta\" \/>\n<meta property=\"og:description\" content=\"Inicie sess\u00e3o no Happy Jokers Casino ou registe uma nova conta em minutos. Aceda de forma segura ao seu saldo, caixa, promo\u00e7\u00f5es ativas e defini\u00e7\u00f5es de jogo respons\u00e1vel.\" \/>\n<meta property=\"og:url\" content=\"https:\/\/thehappyjokers.com\/pt-pt\/inicio-de-sessao-e-registo\/\" \/>\n<meta property=\"og:site_name\" content=\"Happyjokers\" \/>\n<meta property=\"article:modified_time\" content=\"2026-04-06T11:55:42+00:00\" \/>\n<meta name=\"twitter:card\" content=\"summary_large_image\" \/>\n<meta name=\"twitter:label1\" content=\"Est. reading time\" \/>\n\t<meta name=\"twitter:data1\" content=\"1 minute\" \/>\n<script type=\"application\/ld+json\" class=\"yoast-schema-graph\">{\"@context\":\"https:\\\/\\\/schema.org\",\"@graph\":[{\"@type\":\"WebPage\",\"@id\":\"https:\\\/\\\/thehappyjokers.com\\\/pt-pt\\\/inicio-de-sessao-e-registo\\\/\",\"url\":\"https:\\\/\\\/thehappyjokers.com\\\/pt-pt\\\/inicio-de-sessao-e-registo\\\/\",\"name\":\"Happyjokers Login \u2013 Inicie Sess\u00e3o ou Crie uma Conta\",\"isPartOf\":{\"@id\":\"https:\\\/\\\/thehappyjokers.com\\\/pt-pt\\\/#website\"},\"datePublished\":\"2026-04-06T07:28:45+00:00\",\"dateModified\":\"2026-04-06T11:55:42+00:00\",\"description\":\"Inicie sess\u00e3o no Happy Jokers Casino ou registe uma nova conta em minutos. Aceda de forma segura ao seu saldo, caixa, promo\u00e7\u00f5es ativas e defini\u00e7\u00f5es de jogo respons\u00e1vel.\",\"breadcrumb\":{\"@id\":\"https:\\\/\\\/thehappyjokers.com\\\/pt-pt\\\/inicio-de-sessao-e-registo\\\/#breadcrumb\"},\"inLanguage\":\"pt-PT\",\"potentialAction\":[{\"@type\":\"ReadAction\",\"target\":[\"https:\\\/\\\/thehappyjokers.com\\\/pt-pt\\\/inicio-de-sessao-e-registo\\\/\"]}]},{\"@type\":\"BreadcrumbList\",\"@id\":\"https:\\\/\\\/thehappyjokers.com\\\/pt-pt\\\/inicio-de-sessao-e-registo\\\/#breadcrumb\",\"itemListElement\":[{\"@type\":\"ListItem\",\"position\":1,\"name\":\"Happyjokers\",\"item\":\"https:\\\/\\\/thehappyjokers.com\\\/pt-pt\\\/\"},{\"@type\":\"ListItem\",\"position\":2,\"name\":\"In\u00edcio de sess\u00e3o e registo\"}]},{\"@type\":\"WebSite\",\"@id\":\"https:\\\/\\\/thehappyjokers.com\\\/pt-pt\\\/#website\",\"url\":\"https:\\\/\\\/thehappyjokers.com\\\/pt-pt\\\/\",\"name\":\"Happyjokers\",\"description\":\"\",\"publisher\":{\"@id\":\"https:\\\/\\\/thehappyjokers.com\\\/pt-pt\\\/#organization\"},\"potentialAction\":[{\"@type\":\"SearchAction\",\"target\":{\"@type\":\"EntryPoint\",\"urlTemplate\":\"https:\\\/\\\/thehappyjokers.com\\\/pt-pt\\\/?s={search_term_string}\"},\"query-input\":{\"@type\":\"PropertyValueSpecification\",\"valueRequired\":true,\"valueName\":\"search_term_string\"}}],\"inLanguage\":\"pt-PT\"},{\"@type\":\"Organization\",\"@id\":\"https:\\\/\\\/thehappyjokers.com\\\/pt-pt\\\/#organization\",\"name\":\"Happyjokers\",\"url\":\"https:\\\/\\\/thehappyjokers.com\\\/pt-pt\\\/\",\"logo\":{\"@type\":\"ImageObject\",\"inLanguage\":\"pt-PT\",\"@id\":\"https:\\\/\\\/thehappyjokers.com\\\/pt-pt\\\/#\\\/schema\\\/logo\\\/image\\\/\",\"url\":\"https:\\\/\\\/thehappyjokers.com\\\/wp-content\\\/uploads\\\/2026\\\/02\\\/Casino-Logo-Desktop-1.png\",\"contentUrl\":\"https:\\\/\\\/thehappyjokers.com\\\/wp-content\\\/uploads\\\/2026\\\/02\\\/Casino-Logo-Desktop-1.png\",\"width\":237,\"height\":91,\"caption\":\"Happyjokers\"},\"image\":{\"@id\":\"https:\\\/\\\/thehappyjokers.com\\\/pt-pt\\\/#\\\/schema\\\/logo\\\/image\\\/\"}}]}<\/script>\n<!-- \/ Yoast SEO plugin. -->","yoast_head_json":{"title":"Happyjokers Login \u2013 Inicie Sess\u00e3o ou Crie uma Conta","description":"Inicie sess\u00e3o no Happy Jokers Casino ou registe uma nova conta em minutos. Aceda de forma segura ao seu saldo, caixa, promo\u00e7\u00f5es ativas e defini\u00e7\u00f5es de jogo respons\u00e1vel.","robots":{"index":"index","follow":"follow","max-snippet":"max-snippet:-1","max-image-preview":"max-image-preview:large","max-video-preview":"max-video-preview:-1"},"canonical":"https:\/\/thehappyjokers.com\/pt-pt\/inicio-de-sessao-e-registo\/","og_locale":"pt_PT","og_type":"article","og_title":"Happyjokers Login \u2013 Inicie Sess\u00e3o ou Crie uma Conta","og_description":"Inicie sess\u00e3o no Happy Jokers Casino ou registe uma nova conta em minutos. Aceda de forma segura ao seu saldo, caixa, promo\u00e7\u00f5es ativas e defini\u00e7\u00f5es de jogo respons\u00e1vel.","og_url":"https:\/\/thehappyjokers.com\/pt-pt\/inicio-de-sessao-e-registo\/","og_site_name":"Happyjokers","article_modified_time":"2026-04-06T11:55:42+00:00","twitter_card":"summary_large_image","twitter_misc":{"Est. reading time":"1 minute"},"schema":{"@context":"https:\/\/schema.org","@graph":[{"@type":"WebPage","@id":"https:\/\/thehappyjokers.com\/pt-pt\/inicio-de-sessao-e-registo\/","url":"https:\/\/thehappyjokers.com\/pt-pt\/inicio-de-sessao-e-registo\/","name":"Happyjokers Login \u2013 Inicie Sess\u00e3o ou Crie uma Conta","isPartOf":{"@id":"https:\/\/thehappyjokers.com\/pt-pt\/#website"},"datePublished":"2026-04-06T07:28:45+00:00","dateModified":"2026-04-06T11:55:42+00:00","description":"Inicie sess\u00e3o no Happy Jokers Casino ou registe uma nova conta em minutos. Aceda de forma segura ao seu saldo, caixa, promo\u00e7\u00f5es ativas e defini\u00e7\u00f5es de jogo respons\u00e1vel.","breadcrumb":{"@id":"https:\/\/thehappyjokers.com\/pt-pt\/inicio-de-sessao-e-registo\/#breadcrumb"},"inLanguage":"pt-PT","potentialAction":[{"@type":"ReadAction","target":["https:\/\/thehappyjokers.com\/pt-pt\/inicio-de-sessao-e-registo\/"]}]},{"@type":"BreadcrumbList","@id":"https:\/\/thehappyjokers.com\/pt-pt\/inicio-de-sessao-e-registo\/#breadcrumb","itemListElement":[{"@type":"ListItem","position":1,"name":"Happyjokers","item":"https:\/\/thehappyjokers.com\/pt-pt\/"},{"@type":"ListItem","position":2,"name":"In\u00edcio de sess\u00e3o e registo"}]},{"@type":"WebSite","@id":"https:\/\/thehappyjokers.com\/pt-pt\/#website","url":"https:\/\/thehappyjokers.com\/pt-pt\/","name":"Happyjokers","description":"","publisher":{"@id":"https:\/\/thehappyjokers.com\/pt-pt\/#organization"},"potentialAction":[{"@type":"SearchAction","target":{"@type":"EntryPoint","urlTemplate":"https:\/\/thehappyjokers.com\/pt-pt\/?s={search_term_string}"},"query-input":{"@type":"PropertyValueSpecification","valueRequired":true,"valueName":"search_term_string"}}],"inLanguage":"pt-PT"},{"@type":"Organization","@id":"https:\/\/thehappyjokers.com\/pt-pt\/#organization","name":"Happyjokers","url":"https:\/\/thehappyjokers.com\/pt-pt\/","logo":{"@type":"ImageObject","inLanguage":"pt-PT","@id":"https:\/\/thehappyjokers.com\/pt-pt\/#\/schema\/logo\/image\/","url":"https:\/\/thehappyjokers.com\/wp-content\/uploads\/2026\/02\/Casino-Logo-Desktop-1.png","contentUrl":"https:\/\/thehappyjokers.com\/wp-content\/uploads\/2026\/02\/Casino-Logo-Desktop-1.png","width":237,"height":91,"caption":"Happyjokers"},"image":{"@id":"https:\/\/thehappyjokers.com\/pt-pt\/#\/schema\/logo\/image\/"}}]}},"_links":{"self":[{"href":"https:\/\/thehappyjokers.com\/pt-pt\/wp-json\/wp\/v2\/pages\/1495","targetHints":{"allow":["GET"]}}],"collection":[{"href":"https:\/\/thehappyjokers.com\/pt-pt\/wp-json\/wp\/v2\/pages"}],"about":[{"href":"https:\/\/thehappyjokers.com\/pt-pt\/wp-json\/wp\/v2\/types\/page"}],"author":[{"embeddable":true,"href":"https:\/\/thehappyjokers.com\/pt-pt\/wp-json\/wp\/v2\/users\/1"}],"replies":[{"embeddable":true,"href":"https:\/\/thehappyjokers.com\/pt-pt\/wp-json\/wp\/v2\/comments?post=1495"}],"version-history":[{"count":2,"href":"https:\/\/thehappyjokers.com\/pt-pt\/wp-json\/wp\/v2\/pages\/1495\/revisions"}],"predecessor-version":[{"id":1974,"href":"https:\/\/thehappyjokers.com\/pt-pt\/wp-json\/wp\/v2\/pages\/1495\/revisions\/1974"}],"wp:attachment":[{"href":"https:\/\/thehappyjokers.com\/pt-pt\/wp-json\/wp\/v2\/media?parent=1495"}],"curies":[{"name":"wp","href":"https:\/\/api.w.org\/{rel}","templated":true}]}}