{"id":1505,"date":"2026-04-06T08:21:58","date_gmt":"2026-04-06T07:21:58","guid":{"rendered":"https:\/\/thehappyjokers.com\/applicazione\/"},"modified":"2026-04-06T12:33:04","modified_gmt":"2026-04-06T11:33:04","slug":"aplikacja","status":"publish","type":"page","link":"https:\/\/thehappyjokers.com\/pl\/aplikacja\/","title":{"rendered":"Aplikacja"},"content":{"rendered":"<h1>App Happyjokers: aplikacja mobilnego kasyna<\/h1>\n<p>Je\u015bli Twoja lokalizacja ogranicza Twoje wra\u017cenia z gry, Happyjokers App mo\u017ce sprytnie rozwi\u0105za\u0107 ten problem. Dzi\u0119ki niej nasi polscy u\u017cytkownicy nie musz\u0105 si\u0119 zastanawia\u0107, jak uzyska\u0107 dost\u0119p do swoich ulubionych tytu\u0142\u00f3w. Potrzebuj\u0105 jedynie stabilnego po\u0142\u0105czenia internetowego.<\/p>\n<div class=\"banner-wrap\" aria-label=\"Banner\"><img src=\"https:\/\/thehappyjokers.com\/wp-content\/uploads\/2026\/02\/Banner-Desktop.webp\" class=\"w-100 d-none d-lg-block img-pc main-banner-img\" alt=\"Banner Desktop\" fetchpriority=\"high\" decoding=\"async\"><img src=\"https:\/\/thehappyjokers.com\/wp-content\/uploads\/2026\/02\/Banner-mobile.webp\" class=\"w-100 d-none d-md-block d-lg-none main-banner-img\" alt=\"Banner mobile\" fetchpriority=\"high\" decoding=\"async\"><img src=\"https:\/\/thehappyjokers.com\/wp-content\/uploads\/2026\/02\/Banner-mobile.webp\" class=\"w-100 d-md-none\" alt=\"Banner mobile\" fetchpriority=\"high\" decoding=\"async\"><div class=\"banner-description\">\n<div class=\"banner-title\">Bonusy powitalne<\/div>\n<p class=\"banner-header-title\">1 500 \u20ac<\/p>\n<div class=\"banner-header-AdditionalText\">+ 250 Darmowe spiny<\/div>\n<button data-item=\"homepage_banner_link\" class=\"goto m-button m-gradient-border m-button--primary m-button--large banner-button btn-orange\">\n            <div class=\"m-button-content\">\n                <span>Zarejestruj si\u0119 teraz<\/span>\n                <span><\/span>\n            <\/div>\n        <\/button>\n<\/div>\n<div class=\"WelcomePack\">\n<p><img loading=\"lazy\" decoding=\"async\" class=\"alignnone size-full wp-image-1752\" src=\"https:\/\/thehappyjokers.com\/wp-content\/uploads\/welcome-crown-1.png\" alt=\"welcome crown\" width=\"25\" height=\"26\" \/><\/p>\n<div class=\"WelcomePack-Info\">Cotygodniowy zwrot got\u00f3wki do 25%<\/div>\n<p><img loading=\"lazy\" decoding=\"async\" class=\"alignnone size-full wp-image-1752\" src=\"https:\/\/thehappyjokers.com\/wp-content\/uploads\/welcome-crown-1.png\" alt=\"welcome crown\" width=\"25\" height=\"26\" \/><\/p>\n<\/div>\n<\/div>\n<h2>Czym jest aplikacja Happyjokers<\/h2>\n<p>Aplikacja mobilna to rozwi\u0105zanie internetowe dost\u0119pne dla wszystkich u\u017cytkownik\u00f3w platformy kasyna Happyjokers. Jej interfejs ma taki sam uk\u0142ad jak g\u0142\u00f3wna strona internetowa i oferuje pe\u0142ni\u0119 wra\u017ce\u0144 z gry. Mo\u017cesz:<\/p>\n<ul>\n<li>korzysta\u0107 z automat\u00f3w online i gier sto\u0142owych<\/li>\n<li>uczestniczy\u0107 w turniejach<\/li>\n<li>polowa\u0107 na bonusy<\/li>\n<li>wypr\u00f3bowa\u0107 wersje demo naszych gier<\/li>\n<li>dokonywa\u0107 bezpiecznych p\u0142atno\u015bci<\/li>\n<li>uzyska\u0107 pomoc poprzez czat na \u017cywo<\/li>\n<\/ul>\n<p>Dlatego do\u015bwiadczeni gracze, kt\u00f3rzy znaj\u0105 ju\u017c platform\u0119, mog\u0105 szybko przystosowa\u0107 si\u0119 do wersji mobilnej. A nowicjusze, kt\u00f3rzy zdecyduj\u0105 si\u0119 zacz\u0105\u0107 od aplikacji Happy Jokers, z \u0142atwo\u015bci\u0105 porusz\u0105 si\u0119 po g\u0142\u00f3wnych sekcjach.<\/p>\n<h2>Zalety i funkcje aplikacji Happyjokers<\/h2>\n<p>Ka\u017cdy gracz ma swoje preferencje dotycz\u0105ce wygody, dlatego oferujemy kilka sposob\u00f3w dost\u0119pu do platformy. Kasyno Happyjokers pozwala wybra\u0107 opcj\u0119, kt\u00f3ra najbardziej Ci odpowiada, lub prze\u0142\u0105cza\u0107 si\u0119 mi\u0119dzy komputerem a urz\u0105dzeniami mobilnymi.<\/p>\n<table>\n<tbody>\n<tr>\n<td>Funkcja<\/td>\n<td>Strona internetowa Happyjokers na komputery stacjonarne<\/td>\n<td>Aplikacja mobilna (PWA)<\/td>\n<\/tr>\n<tr>\n<td>Dost\u0119p<\/td>\n<td>Wymaga komputera stacjonarnego lub laptopa<\/td>\n<td>Dost\u0119pna 24\/7 z dowolnego urz\u0105dzenia mobilnego<\/td>\n<\/tr>\n<tr>\n<td>Uruchom<\/td>\n<td>W zak\u0142adce przegl\u0105darki<\/td>\n<td>Samodzielna aplikacja (ikona na ekranie g\u0142\u00f3wnym)<\/td>\n<\/tr>\n<tr>\n<td>Pr\u0119dko\u015b\u0107<\/td>\n<td>Standardowa<\/td>\n<td>Szybciej (dzi\u0119ki buforowaniu)<\/td>\n<\/tr>\n<tr>\n<td>Powiadomienia<\/td>\n<td>Ograniczone<\/td>\n<td>Obs\u0142uguje powiadomienia push<\/td>\n<\/tr>\n<tr>\n<td>Wykorzystanie zasob\u00f3w<\/td>\n<td>Wykorzystuje zasoby komputera<\/td>\n<td>Oszcz\u0119dza miejsce w pami\u0119ci urz\u0105dzenia<\/td>\n<\/tr>\n<\/tbody>\n<\/table>\n<p><div class=\"scrollable-content-wrap my-5\"><div class=\"scrollable-content-inner\"><h2>Aplikacja mobilna na iOS<\/h2>\n<p>U\u017cytkownicy iPhone\u2019\u00f3w mog\u0105 \u0142atwo zainstalowa\u0107 aplikacj\u0119 Happyjokers. Jest ona zoptymalizowana pod k\u0105tem systemu iOS i dzia\u0142a niezawodnie niezale\u017cnie od wersji urz\u0105dzenia. Aplikacja nie wymaga r\u00f3wnie\u017c du\u017cej mocy obliczeniowej, wi\u0119c dzia\u0142a r\u00f3wnie dobrze nawet na starszych modelach Apple.<\/p>\n<p>Gracze korzystaj\u0105cy z takich urz\u0105dze\u0144 mog\u0105 przekona\u0107 si\u0119, jak dobrze oprogramowanie mobilne dostosowuje wszystkie sekcje do ma\u0142ych ekran\u00f3w, zachowuj\u0105c t\u0119 sam\u0105 atmosfer\u0119 i funkcjonalno\u015b\u0107.<\/p>\n<p><img loading=\"lazy\" decoding=\"async\" src=\"https:\/\/thehappyjokers.com\/wp-content\/uploads\/HappyJokers-iOS.webp\" alt=\"HappyJokers iOS\" width=\"1248\" height=\"536\" \/><\/p>\n<\/div><\/div><div style=\"clear: both\"><\/div><div class=\"d-flex justify-content-center\"><button data-item=\"decouvrez_link\" data-group=\"website_links\" class=\"goto fw-bold rounded-pill btn btn-orange\" aria-label=\"Pobierz aplikacj\u0119 HappyJokers\" >Pobierz aplikacj\u0119 HappyJokers<\/button><\/div><div class=\"scrollable-content-wrap my-5\"><div class=\"scrollable-content-inner\"><h2>Aplikacja Happyjokers na Androida<\/h2>\n<p>Nasza aplikacja jest r\u00f3wnie\u017c dostosowana do urz\u0105dze\u0144 z systemem Android. Po instalacji mo\u017cesz uruchomi\u0107 Happy Jokers za pomoc\u0105 ikony na ekranie g\u0142\u00f3wnym, otrzymywa\u0107 powiadomienia i korzysta\u0107 ze wszystkich jej funkcji. Aplikacja nie wymaga regularnych aktualizacji: ca\u0142a kolekcja gier jest zawsze aktualna, a Twoje bonusy, promocje i wygrane pozostaj\u0105 niezmienione.<\/p>\n<p>Kasyno na \u017cywo r\u00f3wnie\u017c dzia\u0142a bez zarzutu: uruchamiaj\u0105c Happyjokers na Androidzie, nie musisz martwi\u0107 si\u0119 o zawieszanie si\u0119 lub b\u0142\u0119dy \u0142adowania, poniewa\u017c wszystko dzia\u0142a tak samo dobrze, jak w standardowej wersji przegl\u0105darkowej.<\/p>\n<p><img loading=\"lazy\" decoding=\"async\" src=\"https:\/\/thehappyjokers.com\/wp-content\/uploads\/HappyJokers-Android.webp\" alt=\"HappyJokers Android\" width=\"1248\" height=\"536\" \/><\/p>\n<\/div><\/div><div style=\"clear: both\"><\/div><div class=\"d-flex justify-content-center\"><button data-item=\"decouvrez_link\" data-group=\"website_links\" class=\"goto fw-bold rounded-pill btn btn-orange\" aria-label=\"Pobierz aplikacj\u0119 HappyJokers\" >Pobierz aplikacj\u0119 HappyJokers<\/button><\/div><div class=\"scrollable-content-wrap my-5\"><div class=\"scrollable-content-inner\"><h2>Graj w Happyjokers Casino na komputerze Mac lub Windows<\/h2>\n<p>Dla tych, kt\u00f3rzy chcieliby cieszy\u0107 si\u0119 wszystkimi zaletami aplikacji Happy Jokers, ale nie chc\u0105 rezygnowa\u0107 z du\u017cego ekranu i grafiki w wysokiej rozdzielczo\u015bci, oferujemy wersj\u0119 na komputery Mac i Windows. Podobnie jak w przypadku aplikacji mobilnej, nie wymaga ona pobierania z App Store ani Google Play. Platforma Happyjokers Casino jest kompatybilna ze wszystkimi przegl\u0105darkami, wi\u0119c mo\u017cesz j\u0105 uruchomi\u0107 w:<\/p>\n<ul>\n<li>Google Chrome<\/li>\n<li>Safari<\/li>\n<li>Firefox<\/li>\n<li>Operze<\/li>\n<li>Microsoft Edge i innych.<\/li>\n<\/ul>\n<p>Mo\u017ce r\u00f3wnie\u017c zapisywa\u0107 dane logowania za Twoj\u0105 zgod\u0105, zapewniaj\u0105c jeszcze szybszy dost\u0119p do Twojego konta i sekcji gier. A je\u015bli napotkasz jakiekolwiek problemy, aplikacja Happyjokers posiada wbudowany czat na \u017cywo, kt\u00f3ry pozwala skontaktowa\u0107 si\u0119 z naszym zespo\u0142em wsparcia.<\/p>\n<h2>Jak zainstalowa\u0107 aplikacj\u0119 Happyjokers na dowolnym urz\u0105dzeniu<\/h2>\n<p>Instalacja aplikacji zajmuje zaledwie kilka sekund. Aby pobra\u0107 najnowsz\u0105 wersj\u0119 Happy Jokers, wystarczy:<\/p>\n<ol>\n<li>Wejd\u017a na nasz\u0105 stron\u0119 z urz\u0105dzenia mobilnego.<\/li>\n<li>Kliknij na z\u0142oto-zielon\u0105 ikon\u0119, kt\u00f3ra wygl\u0105da jak smartfon.<\/li>\n<li>W oknie, kt\u00f3re si\u0119 otworzy, kliknij przycisk \u201eZainstaluj\u201d.<\/li>\n<li>Poczekaj kilka sekund i ciesz si\u0119 pe\u0142n\u0105 funkcjonalno\u015bci\u0105 aplikacji.<\/li>\n<\/ol>\n<p>Teraz wszystko jest gotowe: je\u015bli jeste\u015b ju\u017c zalogowany, nie musisz ponownie wprowadza\u0107 swoich danych ani przechodzi\u0107 przez proces weryfikacji. Mo\u017cesz od razu zacz\u0105\u0107 korzysta\u0107 z aplikacji Happyjokers i przekona\u0107 si\u0119, jak wygodna i bogata w funkcje jest.<\/p>\n<p>Jednocze\u015bnie oprogramowanie mobilne nie jest pobierane jako zwyk\u0142y program i nie zajmuje dodatkowego miejsca na Twoim urz\u0105dzeniu. Oznacza to, \u017ce wszystkie przysz\u0142e aktualizacje Twojego konta lub biblioteki gier w aplikacji Happyjokers b\u0119d\u0105 przeprowadzane automatycznie.<\/p>\n<p><img loading=\"lazy\" decoding=\"async\" src=\"https:\/\/thehappyjokers.com\/wp-content\/uploads\/HappyJokers-Desktop.webp\" alt=\"HappyJokers Desktop\" width=\"1248\" height=\"536\" \/><\/p>\n<\/div><\/div><div style=\"clear: both\"><\/div><div class=\"d-flex justify-content-center\"><button data-item=\"decouvrez_link\" data-group=\"website_links\" class=\"goto fw-bold rounded-pill btn btn-orange\" aria-label=\"Pobierz aplikacj\u0119 HappyJokers\" >Pobierz aplikacj\u0119 HappyJokers<\/button><\/div><div class=\"scrollable-content-wrap my-5\"><div class=\"scrollable-content-inner\"><h2>FAQ<\/h2>\n<h3>Czym jest PWA i czym r\u00f3\u017cni si\u0119 od zwyk\u0142ej aplikacji pobieranej ze sklepu?<\/h3>\n<p>PWA to strony internetowe, kt\u00f3re dzia\u0142aj\u0105 jak aplikacje i maj\u0105 podobne atrybuty, takie jak ikony. W przeciwie\u0144stwie do standardowego oprogramowania mobilnego nie trzeba ich pobiera\u0107 ze sklepu z aplikacjami. Nasze rozwi\u0105zanie mo\u017cna zainstalowa\u0107 bezpo\u015brednio z platformy Happyjokers Casino, dzi\u0119ki czemu proces ten jest znacznie prostszy i szybszy.<\/p>\n<h3>Czy musz\u0119 za\u0142o\u017cy\u0107 nowe konto, aby korzysta\u0107 z mobilnej wersji Happy Jokers?<\/h3>\n<p>Je\u015bli masz ju\u017c profil, nie musisz tego robi\u0107: Twoje dane i aktywno\u015b\u0107 b\u0119d\u0105 dost\u0119pne w wersji mobilnej. Je\u015bli jednak nie masz jeszcze konta, mo\u017cesz si\u0119 zarejestrowa\u0107 i przej\u015b\u0107 szybk\u0105 weryfikacj\u0119.<\/p>\n<h3>Czy mog\u0119 usun\u0105\u0107 skr\u00f3t bez utraty konta lub historii gry?<\/h3>\n<p>Je\u015bli usuniesz skr\u00f3t, stracisz jedynie jego widoczno\u015b\u0107. Twoje konto jest przechowywane na serwerze, wi\u0119c Twoje dane logowania i inne wa\u017cne informacje b\u0119d\u0105 bezpieczne. Je\u015bli jednak przypadkowo usuniesz skr\u00f3t aplikacji Happy Jokers, nie martw si\u0119: po prostu przejd\u017a na nasz\u0105 stron\u0119 internetow\u0105 i ponownie kliknij przycisk \u201eZainstaluj\u201d.<\/p>\n<h3>Czy w aplikacji Happyjokers mog\u0119 korzysta\u0107 z logowania za pomoc\u0105 Face ID, Touch ID lub odcisku palca?<\/h3>\n<p>Nasze rozwi\u0105zanie to progresywna aplikacja internetowa, wi\u0119c sposoby logowania r\u00f3\u017cni\u0105 si\u0119 od tych, do kt\u00f3rych jeste\u015b przyzwyczajony. Je\u015bli Twoja przegl\u0105darka obs\u0142uguje jedn\u0105 z wymienionych metod uwierzytelniania, mo\u017cesz z niej skorzysta\u0107. Jednak aby uzyska\u0107 szybki dost\u0119p do kasyna Happyjokers, wystarczy zapisa\u0107 has\u0142o: nie wymagamy \u017cadnych dodatkowych krok\u00f3w.<\/p>\n<h3>Czy proces weryfikacji jest dost\u0119pny w wersji mobilnej?<\/h3>\n<p>Wersja mobilna oferuje te same funkcje co strona internetowa, wi\u0119c mo\u017cesz aktywowa\u0107 swoje konto na dowolnej platformie: wystarczy poda\u0107 wymagane informacje, a nast\u0119pnie zako\u0144czy\u0107 proces weryfikacji.<\/p>\n<\/div><\/div><\/p>\n","protected":false},"excerpt":{"rendered":"<p>App Happyjokers: aplikacja mobilnego kasyna Je\u015bli Twoja lokalizacja ogranicza Twoje wra\u017cenia z gry, Happyjokers App mo\u017ce sprytnie rozwi\u0105za\u0107 ten problem. Dzi\u0119ki niej nasi polscy u\u017cytkownicy nie musz\u0105 si\u0119 zastanawia\u0107, jak uzyska\u0107 dost\u0119p do swoich ulubionych tytu\u0142\u00f3w. Potrzebuj\u0105 jedynie stabilnego po\u0142\u0105czenia internetowego. Czym jest aplikacja Happyjokers Aplikacja mobilna to rozwi\u0105zanie internetowe dost\u0119pne dla wszystkich u\u017cytkownik\u00f3w platformy [&hellip;]<\/p>\n","protected":false},"author":1,"featured_media":0,"parent":0,"menu_order":0,"comment_status":"closed","ping_status":"closed","template":"template-builder.php","meta":{"_acf_changed":false,"inline_featured_image":false,"footnotes":""},"class_list":["post-1505","page","type-page","status-publish","hentry"],"acf":[],"yoast_head":"<!-- This site is optimized with the Yoast SEO plugin v27.3 - https:\/\/yoast.com\/product\/yoast-seo-wordpress\/ -->\n<title>Happyjokers App | Graj w Gry Kasynowe na Telefonie<\/title>\n<meta name=\"description\" content=\"Zainstaluj oficjaln\u0105 aplikacj\u0119 Happy Jokers na iOS lub Android. Natychmiastowy dost\u0119p jednym dotkni\u0119ciem do 6000+ gier, kasyna na \u017cywo i szybkich bezpiecznych wyp\u0142at.\" \/>\n<meta name=\"robots\" content=\"index, follow, max-snippet:-1, max-image-preview:large, max-video-preview:-1\" \/>\n<link rel=\"canonical\" href=\"https:\/\/thehappyjokers.com\/pl\/aplikacja\/\" \/>\n<meta property=\"og:locale\" content=\"pl_PL\" \/>\n<meta property=\"og:type\" content=\"article\" \/>\n<meta property=\"og:title\" content=\"Happyjokers App | Graj w Gry Kasynowe na Telefonie\" \/>\n<meta property=\"og:description\" content=\"Zainstaluj oficjaln\u0105 aplikacj\u0119 Happy Jokers na iOS lub Android. Natychmiastowy dost\u0119p jednym dotkni\u0119ciem do 6000+ gier, kasyna na \u017cywo i szybkich bezpiecznych wyp\u0142at.\" \/>\n<meta property=\"og:url\" content=\"https:\/\/thehappyjokers.com\/pl\/aplikacja\/\" \/>\n<meta property=\"og:site_name\" content=\"Happyjokers\" \/>\n<meta property=\"article:modified_time\" content=\"2026-04-06T11:33:04+00:00\" \/>\n<meta name=\"twitter:card\" content=\"summary_large_image\" \/>\n<meta name=\"twitter:label1\" content=\"Est. reading time\" \/>\n\t<meta name=\"twitter:data1\" content=\"2 minutes\" \/>\n<script type=\"application\/ld+json\" class=\"yoast-schema-graph\">{\"@context\":\"https:\\\/\\\/schema.org\",\"@graph\":[{\"@type\":\"WebPage\",\"@id\":\"https:\\\/\\\/thehappyjokers.com\\\/pl\\\/aplikacja\\\/\",\"url\":\"https:\\\/\\\/thehappyjokers.com\\\/pl\\\/aplikacja\\\/\",\"name\":\"Happyjokers App | Graj w Gry Kasynowe na Telefonie\",\"isPartOf\":{\"@id\":\"https:\\\/\\\/thehappyjokers.com\\\/pl\\\/#website\"},\"datePublished\":\"2026-04-06T07:21:58+00:00\",\"dateModified\":\"2026-04-06T11:33:04+00:00\",\"description\":\"Zainstaluj oficjaln\u0105 aplikacj\u0119 Happy Jokers na iOS lub Android. Natychmiastowy dost\u0119p jednym dotkni\u0119ciem do 6000+ gier, kasyna na \u017cywo i szybkich bezpiecznych wyp\u0142at.\",\"breadcrumb\":{\"@id\":\"https:\\\/\\\/thehappyjokers.com\\\/pl\\\/aplikacja\\\/#breadcrumb\"},\"inLanguage\":\"pl-PL\",\"potentialAction\":[{\"@type\":\"ReadAction\",\"target\":[\"https:\\\/\\\/thehappyjokers.com\\\/pl\\\/aplikacja\\\/\"]}]},{\"@type\":\"BreadcrumbList\",\"@id\":\"https:\\\/\\\/thehappyjokers.com\\\/pl\\\/aplikacja\\\/#breadcrumb\",\"itemListElement\":[{\"@type\":\"ListItem\",\"position\":1,\"name\":\"Happyjokers\",\"item\":\"https:\\\/\\\/thehappyjokers.com\\\/pl\\\/\"},{\"@type\":\"ListItem\",\"position\":2,\"name\":\"Aplikacja\"}]},{\"@type\":\"WebSite\",\"@id\":\"https:\\\/\\\/thehappyjokers.com\\\/pl\\\/#website\",\"url\":\"https:\\\/\\\/thehappyjokers.com\\\/pl\\\/\",\"name\":\"Happyjokers\",\"description\":\"\",\"publisher\":{\"@id\":\"https:\\\/\\\/thehappyjokers.com\\\/pl\\\/#organization\"},\"potentialAction\":[{\"@type\":\"SearchAction\",\"target\":{\"@type\":\"EntryPoint\",\"urlTemplate\":\"https:\\\/\\\/thehappyjokers.com\\\/pl\\\/?s={search_term_string}\"},\"query-input\":{\"@type\":\"PropertyValueSpecification\",\"valueRequired\":true,\"valueName\":\"search_term_string\"}}],\"inLanguage\":\"pl-PL\"},{\"@type\":\"Organization\",\"@id\":\"https:\\\/\\\/thehappyjokers.com\\\/pl\\\/#organization\",\"name\":\"Happyjokers\",\"url\":\"https:\\\/\\\/thehappyjokers.com\\\/pl\\\/\",\"logo\":{\"@type\":\"ImageObject\",\"inLanguage\":\"pl-PL\",\"@id\":\"https:\\\/\\\/thehappyjokers.com\\\/pl\\\/#\\\/schema\\\/logo\\\/image\\\/\",\"url\":\"https:\\\/\\\/thehappyjokers.com\\\/wp-content\\\/uploads\\\/2026\\\/02\\\/Casino-Logo-Desktop-1.png\",\"contentUrl\":\"https:\\\/\\\/thehappyjokers.com\\\/wp-content\\\/uploads\\\/2026\\\/02\\\/Casino-Logo-Desktop-1.png\",\"width\":237,\"height\":91,\"caption\":\"Happyjokers\"},\"image\":{\"@id\":\"https:\\\/\\\/thehappyjokers.com\\\/pl\\\/#\\\/schema\\\/logo\\\/image\\\/\"}}]}<\/script>\n<!-- \/ Yoast SEO plugin. -->","yoast_head_json":{"title":"Happyjokers App | Graj w Gry Kasynowe na Telefonie","description":"Zainstaluj oficjaln\u0105 aplikacj\u0119 Happy Jokers na iOS lub Android. Natychmiastowy dost\u0119p jednym dotkni\u0119ciem do 6000+ gier, kasyna na \u017cywo i szybkich bezpiecznych wyp\u0142at.","robots":{"index":"index","follow":"follow","max-snippet":"max-snippet:-1","max-image-preview":"max-image-preview:large","max-video-preview":"max-video-preview:-1"},"canonical":"https:\/\/thehappyjokers.com\/pl\/aplikacja\/","og_locale":"pl_PL","og_type":"article","og_title":"Happyjokers App | Graj w Gry Kasynowe na Telefonie","og_description":"Zainstaluj oficjaln\u0105 aplikacj\u0119 Happy Jokers na iOS lub Android. Natychmiastowy dost\u0119p jednym dotkni\u0119ciem do 6000+ gier, kasyna na \u017cywo i szybkich bezpiecznych wyp\u0142at.","og_url":"https:\/\/thehappyjokers.com\/pl\/aplikacja\/","og_site_name":"Happyjokers","article_modified_time":"2026-04-06T11:33:04+00:00","twitter_card":"summary_large_image","twitter_misc":{"Est. reading time":"2 minutes"},"schema":{"@context":"https:\/\/schema.org","@graph":[{"@type":"WebPage","@id":"https:\/\/thehappyjokers.com\/pl\/aplikacja\/","url":"https:\/\/thehappyjokers.com\/pl\/aplikacja\/","name":"Happyjokers App | Graj w Gry Kasynowe na Telefonie","isPartOf":{"@id":"https:\/\/thehappyjokers.com\/pl\/#website"},"datePublished":"2026-04-06T07:21:58+00:00","dateModified":"2026-04-06T11:33:04+00:00","description":"Zainstaluj oficjaln\u0105 aplikacj\u0119 Happy Jokers na iOS lub Android. Natychmiastowy dost\u0119p jednym dotkni\u0119ciem do 6000+ gier, kasyna na \u017cywo i szybkich bezpiecznych wyp\u0142at.","breadcrumb":{"@id":"https:\/\/thehappyjokers.com\/pl\/aplikacja\/#breadcrumb"},"inLanguage":"pl-PL","potentialAction":[{"@type":"ReadAction","target":["https:\/\/thehappyjokers.com\/pl\/aplikacja\/"]}]},{"@type":"BreadcrumbList","@id":"https:\/\/thehappyjokers.com\/pl\/aplikacja\/#breadcrumb","itemListElement":[{"@type":"ListItem","position":1,"name":"Happyjokers","item":"https:\/\/thehappyjokers.com\/pl\/"},{"@type":"ListItem","position":2,"name":"Aplikacja"}]},{"@type":"WebSite","@id":"https:\/\/thehappyjokers.com\/pl\/#website","url":"https:\/\/thehappyjokers.com\/pl\/","name":"Happyjokers","description":"","publisher":{"@id":"https:\/\/thehappyjokers.com\/pl\/#organization"},"potentialAction":[{"@type":"SearchAction","target":{"@type":"EntryPoint","urlTemplate":"https:\/\/thehappyjokers.com\/pl\/?s={search_term_string}"},"query-input":{"@type":"PropertyValueSpecification","valueRequired":true,"valueName":"search_term_string"}}],"inLanguage":"pl-PL"},{"@type":"Organization","@id":"https:\/\/thehappyjokers.com\/pl\/#organization","name":"Happyjokers","url":"https:\/\/thehappyjokers.com\/pl\/","logo":{"@type":"ImageObject","inLanguage":"pl-PL","@id":"https:\/\/thehappyjokers.com\/pl\/#\/schema\/logo\/image\/","url":"https:\/\/thehappyjokers.com\/wp-content\/uploads\/2026\/02\/Casino-Logo-Desktop-1.png","contentUrl":"https:\/\/thehappyjokers.com\/wp-content\/uploads\/2026\/02\/Casino-Logo-Desktop-1.png","width":237,"height":91,"caption":"Happyjokers"},"image":{"@id":"https:\/\/thehappyjokers.com\/pl\/#\/schema\/logo\/image\/"}}]}},"_links":{"self":[{"href":"https:\/\/thehappyjokers.com\/pl\/wp-json\/wp\/v2\/pages\/1505","targetHints":{"allow":["GET"]}}],"collection":[{"href":"https:\/\/thehappyjokers.com\/pl\/wp-json\/wp\/v2\/pages"}],"about":[{"href":"https:\/\/thehappyjokers.com\/pl\/wp-json\/wp\/v2\/types\/page"}],"author":[{"embeddable":true,"href":"https:\/\/thehappyjokers.com\/pl\/wp-json\/wp\/v2\/users\/1"}],"replies":[{"embeddable":true,"href":"https:\/\/thehappyjokers.com\/pl\/wp-json\/wp\/v2\/comments?post=1505"}],"version-history":[{"count":2,"href":"https:\/\/thehappyjokers.com\/pl\/wp-json\/wp\/v2\/pages\/1505\/revisions"}],"predecessor-version":[{"id":1913,"href":"https:\/\/thehappyjokers.com\/pl\/wp-json\/wp\/v2\/pages\/1505\/revisions\/1913"}],"wp:attachment":[{"href":"https:\/\/thehappyjokers.com\/pl\/wp-json\/wp\/v2\/media?parent=1505"}],"curies":[{"name":"wp","href":"https:\/\/api.w.org\/{rel}","templated":true}]}}