{"id":1494,"date":"2026-04-06T08:28:45","date_gmt":"2026-04-06T07:28:45","guid":{"rendered":"https:\/\/thehappyjokers.com\/accesso-e-registrazione\/"},"modified":"2026-04-06T12:36:17","modified_gmt":"2026-04-06T11:36:17","slug":"logowanie-i-rejestracja","status":"publish","type":"page","link":"https:\/\/thehappyjokers.com\/pl\/logowanie-i-rejestracja\/","title":{"rendered":"Logowanie i rejestracja"},"content":{"rendered":"<h1>Logowanie i rejestracja w Happyjokers<\/h1>\n<p>Proces Happyjokers login daje naszym polskim u\u017cytkownikom o wiele wi\u0119cej opcji ni\u017c tylko przegl\u0105danie naszej strony jako go\u015b\u0107. Po wykonaniu kilku prostych krok\u00f3w mo\u017cesz nie tylko cieszy\u0107 si\u0119 du\u017c\u0105 kolekcj\u0105 naszych ekscytuj\u0105cych gier, ale tak\u017ce zacz\u0105\u0107 wygrywa\u0107 prawdziwe pieni\u0105dze. Na szcz\u0119\u015bcie rejestracja zajmuje mniej ni\u017c minut\u0119.<\/p>\n<p><div class=\"banner-wrap\" aria-label=\"Banner\"><img src=\"https:\/\/thehappyjokers.com\/wp-content\/uploads\/2026\/02\/Banner-Desktop.webp\" class=\"w-100 d-none d-lg-block img-pc main-banner-img\" alt=\"Banner Desktop\" fetchpriority=\"high\" decoding=\"async\"><img src=\"https:\/\/thehappyjokers.com\/wp-content\/uploads\/2026\/02\/Banner-mobile.webp\" class=\"w-100 d-none d-md-block d-lg-none main-banner-img\" alt=\"Banner mobile\" fetchpriority=\"high\" decoding=\"async\"><img src=\"https:\/\/thehappyjokers.com\/wp-content\/uploads\/2026\/02\/Banner-mobile.webp\" class=\"w-100 d-md-none\" alt=\"Banner mobile\" fetchpriority=\"high\" decoding=\"async\"><div class=\"banner-description\">\n<div class=\"banner-title\">Bonusy powitalne<\/div>\n<p class=\"banner-header-title\">1 500 \u20ac<\/p>\n<div class=\"banner-header-AdditionalText\">+ 250 Darmowe spiny<\/div>\n<button data-item=\"homepage_banner_link\" class=\"goto m-button m-gradient-border m-button--primary m-button--large banner-button btn-orange\">\n            <div class=\"m-button-content\">\n                <span>Zarejestruj si\u0119 teraz<\/span>\n                <span><\/span>\n            <\/div>\n        <\/button>\n<\/div>\n<div class=\"WelcomePack\">\n<p><img loading=\"lazy\" decoding=\"async\" class=\"alignnone size-full wp-image-1752\" src=\"https:\/\/thehappyjokers.com\/wp-content\/uploads\/welcome-crown-1.png\" alt=\"welcome crown\" width=\"25\" height=\"26\" \/><\/p>\n<div class=\"WelcomePack-Info\">Cotygodniowy zwrot got\u00f3wki do 25%<\/div>\n<p><img loading=\"lazy\" decoding=\"async\" class=\"alignnone size-full wp-image-1752\" src=\"https:\/\/thehappyjokers.com\/wp-content\/uploads\/welcome-crown-1.png\" alt=\"welcome crown\" width=\"25\" height=\"26\" \/><\/p>\n<\/div>\n<\/div><div class=\"scrollable-content-wrap my-5\"><div class=\"scrollable-content-inner\"><h2>Rejestracja w kasynie Happyjokers<\/h2>\n<p>Przywi\u0105zujemy du\u017c\u0105 wag\u0119 do bezpiecze\u0144stwa i etycznego charakteru do\u015bwiadcze\u0144 naszych graczy. Z tego powodu tylko osoby, kt\u00f3re uko\u0144czy\u0142y 18 lat, mog\u0105 zosta\u0107 cz\u0142onkami Happy Jokers. Je\u015bli spe\u0142niasz nasze wymagania, mo\u017cesz uzyska\u0107 pe\u0142ny dost\u0119p do wszystkich funkcji naszej platformy i kolekcji gier.<\/p>\n<h3>Jak za\u0142o\u017cy\u0107 konto w kasynie Happyjokers?<\/h3>\n<p>Proces rejestracji w Happyjokers sk\u0142ada si\u0119 z kilku prostych krok\u00f3w. Aby rozpocz\u0105\u0107, wystarczy odwiedzi\u0107 nasz\u0105 stron\u0119 internetow\u0105. Mo\u017cesz to zrobi\u0107 za pomoc\u0105 przegl\u0105darki lub naszej aplikacji:<\/p>\n<ol>\n<li>Kliknij \u201eZarejestruj si\u0119\u201d w prawym g\u00f3rnym rogu lub na stronie g\u0142\u00f3wnej.<\/li>\n<li>Wpisz sw\u00f3j adres e-mail i kod promocyjny (je\u015bli masz).<\/li>\n<li>Utw\u00f3rz has\u0142o.<\/li>\n<li>Potwierd\u017a sw\u00f3j wiek.<\/li>\n<li>Wpisz swoje imi\u0119 i nazwisko oraz dat\u0119 urodzenia.<\/li>\n<\/ol>\n<p>Nast\u0119pnie otrzymasz powiadomienie, \u017ce Tw\u00f3j profil zosta\u0142 pomy\u015blnie utworzony.<\/p>\n<p><img loading=\"lazy\" decoding=\"async\" class=\"alignnone size-full wp-image-1779\" src=\"https:\/\/thehappyjokers.com\/wp-content\/uploads\/HappyJokers-Login-Page.webp\" alt=\"HappyJokers Login Page\" width=\"1248\" height=\"536\" srcset=\"https:\/\/thehappyjokers.com\/wp-content\/uploads\/HappyJokers-Login-Page.webp 1248w, https:\/\/thehappyjokers.com\/wp-content\/uploads\/HappyJokers-Login-Page-300x129.webp 300w, https:\/\/thehappyjokers.com\/wp-content\/uploads\/HappyJokers-Login-Page-1024x440.webp 1024w, https:\/\/thehappyjokers.com\/wp-content\/uploads\/HappyJokers-Login-Page-768x330.webp 768w\" sizes=\"auto, (max-width: 1248px) 100vw, 1248px\" \/><\/p>\n<h2>Zaloguj si\u0119 i zarz\u0105dzaj swoim kontem Happy Jokers<\/h2>\n<p>Proces logowania do Happyjokers jest bardzo podobny do rejestracji: musisz klikn\u0105\u0107 przycisk \u201eZaloguj si\u0119\u201d po prawej stronie nag\u0142\u00f3wka. Tym razem, aby zako\u0144czy\u0107 autoryzacj\u0119, musisz poda\u0107 znacznie mniej danych \u2013 wystarczy Tw\u00f3j adres e-mail i has\u0142o. Je\u015bli podczas pierwszej sesji zapisa\u0142e\u015b swoje dane logowania w przegl\u0105darce, nie b\u0119dziesz musia\u0142 ich ponownie wprowadza\u0107 w przysz\u0142o\u015bci: proces zostanie zako\u0144czony automatycznie.<\/p>\n<p>Gdy Tw\u00f3j profil b\u0119dzie ju\u017c aktywny, mo\u017cesz zarz\u0105dza\u0107 jego g\u0142\u00f3wnymi sekcjami.<\/p>\n<table>\n<tbody>\n<tr>\n<td>Sekcje konta<\/td>\n<td>Co mo\u017cesz zrobi\u0107<\/td>\n<\/tr>\n<tr>\n<td>Profil<\/td>\n<td>Aktualizuj swoje dane osobowe i dane logowania<\/td>\n<\/tr>\n<tr>\n<td>Portfel<\/td>\n<td>Wp\u0142a\u0107 pieni\u0105dze i wyp\u0142a\u0107 \u015brodki<\/td>\n<\/tr>\n<tr>\n<td>Program lojalno\u015bciowy<\/td>\n<td>Sprawd\u017a bonusy i oferty specjalne<\/td>\n<\/tr>\n<tr>\n<td>Historia<\/td>\n<td>Przegl\u0105daj swoje gry i transakcje<\/td>\n<\/tr>\n<tr>\n<td>Zapro\u015b znajomych<\/td>\n<td>Zapro\u015b znajomych i zdob\u0105d\u017a nagrody<\/td>\n<\/tr>\n<tr>\n<td>Powiadomienia<\/td>\n<td>Zarz\u0105dzaj powiadomieniami i aktualizacjami<\/td>\n<\/tr>\n<tr>\n<td>Centrum pomocy<\/td>\n<td>Uzyskaj pomoc i znajd\u017a odpowiedzi (FAQ)<\/td>\n<\/tr>\n<tr>\n<td>Wyloguj si\u0119<\/td>\n<td>Wyloguj si\u0119 ze swojego konta<\/td>\n<\/tr>\n<\/tbody>\n<\/table>\n<h3>Jak zalogowa\u0107 si\u0119 za pomoc\u0105 aplikacji mobilnej<\/h3>\n<p>Nasza platforma jest dost\u0119pna zar\u00f3wno na du\u017cych, jak i ma\u0142ych ekranach. Dzi\u0119ki aplikacji Happyjokers mo\u017cesz cieszy\u0107 si\u0119 gr\u0105 na swoim smartfonie. Aby rozpocz\u0105\u0107, po prostu znajd\u017a odpowiedni\u0105 ikon\u0119 w stopce oficjalnej strony internetowej i zainstaluj aplikacj\u0119 na swoim urz\u0105dzeniu. Nast\u0119pnie wprowad\u017a swoje dane logowania, aby uzyska\u0107 dost\u0119p do konta w wygodniejszym formacie. Podobnie jak w wersji na komputery stacjonarne, aplikacja mobilna mo\u017ce je zapisa\u0107, wi\u0119c nast\u0119pnym razem wystarczy klikn\u0105\u0107 skr\u00f3t, aby si\u0119 zalogowa\u0107.<\/p>\n<h3>Nie pami\u0119tasz has\u0142a?<\/h3>\n<p>Je\u015bli nie pami\u0119tasz swoich danych logowania do Happyjokers, mo\u017cesz je \u0142atwo zresetowa\u0107. Wystarczy klikn\u0105\u0107 opcj\u0119 poni\u017cej formularza: zostaniesz poproszony o podanie adresu e-mail u\u017cytego podczas rejestracji. Nast\u0119pnie otrzymasz wszystkie instrukcje \u2013 po prostu kliknij link, aby ustawi\u0107 nowe has\u0142o. Zalecamy r\u00f3wnie\u017c zapisanie go, aby nie trzeba by\u0142o go ponownie wpisywa\u0107 w przysz\u0142o\u015bci.<\/p>\n<h2>Weryfikacja w kasynie Happy Jokers<\/h2>\n<p>Bardzo wa\u017cna jest dla nas ochrona danych osobowych i bankowych naszych graczy. Aby w pe\u0142ni aktywowa\u0107 swoje konto i dokonywa\u0107 transakcji finansowych bez ogranicze\u0144, musisz przej\u015b\u0107 proces weryfikacji przed pierwsz\u0105 wyp\u0142at\u0105.<\/p>\n<p>W ramach weryfikacji mo\u017cemy poprosi\u0107 o nast\u0119puj\u0105ce dokumenty:<\/p>\n<ul>\n<li>kopie dowodu osobistego lub paszportu<\/li>\n<li>kopie rachunk\u00f3w za media<\/li>\n<li>kopie karty debetowej lub kredytowej<\/li>\n<\/ul>\n<p>Pami\u0119taj, \u017ce wszystkie dokumenty przekazywane do kasyna Happyjokers musz\u0105 by\u0107 wa\u017cne i autentyczne. Gdy tylko nasi moderatorzy zako\u0144cz\u0105 weryfikacj\u0119, b\u0119dziesz m\u00f3g\u0142 swobodnie wyp\u0142aca\u0107 \u015brodki.<\/p>\n<h2>Typowe problemy i szybkie rozwi\u0105zania<\/h2>\n<p>Proces logowania do Happyjokers mo\u017ce czasami sprawia\u0107 trudno\u015bci z r\u00f3\u017cnych powod\u00f3w. Z tego powodu nasi gracze nie mog\u0105 cieszy\u0107 si\u0119 gr\u0105 tak, jak by tego oczekiwali. Je\u015bli spotka Ci\u0119 taka sytuacja, mo\u017cesz opisa\u0107 j\u0105 naszemu zespo\u0142owi obs\u0142ugi klienta, kt\u00f3ry oferuje ca\u0142odobowe, wieloj\u0119zyczne wsparcie. W niekt\u00f3rych przypadkach wystarczy jednak sprawdzi\u0107 kilka potencjalnych \u017ar\u00f3de\u0142 problemu:<\/p>\n<table>\n<tbody>\n<tr>\n<td>Problem<\/td>\n<td>Mo\u017cliwe przyczyny<\/td>\n<td>Rozwi\u0105zanie<\/td>\n<\/tr>\n<tr>\n<td>Nieprawid\u0142owa nazwa u\u017cytkownika lub has\u0142o<\/td>\n<td>By\u0107 mo\u017ce w\u0142\u0105czona jest funkcja Caps Lock lub przegl\u0105darka zapisa\u0142a stare has\u0142o<\/td>\n<td>Sprawd\u017a wprowadzone dane lub skorzystaj z opcji odzyskiwania has\u0142a<\/td>\n<\/tr>\n<tr>\n<td>Nie otrzyma\u0142e\u015b wiadomo\u015bci e-mail z linkiem do resetowania has\u0142a<\/td>\n<td>E-mail m\u00f3g\u0142 trafi\u0107 do folderu ze spamem lub mog\u0142e\u015b poda\u0107 nieprawid\u0142owe dane<\/td>\n<td>Otw\u00f3rz folder ze spamem lub spr\u00f3buj ponownie<\/td>\n<\/tr>\n<tr>\n<td>Konto jest zablokowane<\/td>\n<td>Mo\u017ce to wynika\u0107 z naruszenia zasad, podejrzanej aktywno\u015bci lub zbyt wielu nieudanych pr\u00f3b logowania<\/td>\n<td>Skontaktuj si\u0119 z naszym zespo\u0142em pomocy technicznej za po\u015brednictwem czatu na \u017cywo<\/td>\n<\/tr>\n<tr>\n<td>Dost\u0119p jest ograniczony<\/td>\n<td>Kasyno Happyjokers mo\u017ce by\u0107 niedost\u0119pne w Twoim kraju, lub mo\u017cesz korzysta\u0107 z VPN\/proxy<\/td>\n<td>Wy\u0142\u0105cz VPN lub sprawd\u017a dost\u0119pno\u015b\u0107 w swojej lokalizacji<\/td>\n<\/tr>\n<tr>\n<td>Problemy techniczne<\/td>\n<td>Mo\u017ce to wynika\u0107 z przestarza\u0142ej przegl\u0105darki lub czynnik\u00f3w po stronie serwera<\/td>\n<td>Spr\u00f3buj zaktualizowa\u0107 przegl\u0105dark\u0119, wyczy\u015bci\u0107 pami\u0119\u0107 podr\u0119czn\u0105 lub zmieni\u0107 urz\u0105dzenie<\/td>\n<\/tr>\n<tr>\n<td>Strona \u0142aduje si\u0119 powoli<\/td>\n<td>Twoje po\u0142\u0105czenie mo\u017ce by\u0107 niestabilne lub serwer mo\u017ce by\u0107 mocno obci\u0105\u017cony<\/td>\n<td>Sprawd\u017a po\u0142\u0105czenie internetowe lub spr\u00f3buj ponownie p\u00f3\u017aniej<\/td>\n<\/tr>\n<\/tbody>\n<\/table>\n<h2>Cz\u0119sto zadawane pytania<\/h2>\n<h3>Czy mog\u0119 doda\u0107 kod promocyjny po zako\u0144czeniu rejestracji w Happy Jokers?<\/h3>\n<p>Ta opcja jest dost\u0119pna tylko podczas rejestracji w kasynie Happy Jokers. Musisz wprowadzi\u0107 kod na tym etapie: w przeciwnym razie nie b\u0119dzie on p\u00f3\u017aniej wa\u017cny.<\/p>\n<h3>Co mam zrobi\u0107, je\u015bli system zg\u0142asza, \u017ce moje has\u0142o jest nieprawid\u0142owe, a ja jestem pewien, \u017ce tak nie jest?<\/h3>\n<p>Sprawd\u017a, czy nie jest w\u0142\u0105czony Caps Lock lub czy przegl\u0105darka nie zapisa\u0142a nieaktualnych danych logowania do Happy Jokers. Po prostu wpisz dane ponownie lub popro\u015b o zresetowanie has\u0142a.<\/p>\n<h3>Jak zaktualizowa\u0107 numer telefonu lub inne dane kontaktowe na moim koncie?<\/h3>\n<p>Ka\u017cdy u\u017cytkownik serwisu Happy Jokers Casino mo\u017ce edytowa\u0107 swoje dane w sekcji \u201eProfil\u201d. Pami\u0119taj, \u017ce w niekt\u00f3rych przypadkach mo\u017cemy wymaga\u0107 dodatkowej weryfikacji to\u017csamo\u015bci.<\/p>\n<h3>Czy mog\u0119 zalogowa\u0107 si\u0119 do Happyjokers na wielu urz\u0105dzeniach jednocze\u015bnie?<\/h3>\n<p>Mo\u017cesz odwiedzi\u0107 nasz\u0105 platform\u0119 za pomoc\u0105 przegl\u0105darki lub aplikacji mobilnej. Jednak ze wzgl\u0119d\u00f3w bezpiecze\u0144stwa ograniczamy liczb\u0119 jednoczesnych sesji. Dlatego prosimy o korzystanie tylko z jednej preferowanej metody logowania do Happyjokers w danym momencie.<\/p>\n<h3>Czy mog\u0119 nadal gra\u0107 i dokonywa\u0107 wp\u0142at, podczas gdy moja weryfikacja jest w toku?<\/h3>\n<p>Nie ograniczamy aktywno\u015bci graczy ani nie uniemo\u017cliwiamy im zarz\u0105dzania saldem. Je\u015bli jednak chcesz wyp\u0142aci\u0107 \u015brodki ze swojego konta w kasynie Happyjokers, musisz przej\u015b\u0107 proces potwierdzenia to\u017csamo\u015bci.<\/p>\n<\/div><\/div><\/p>\n","protected":false},"excerpt":{"rendered":"<p>Logowanie i rejestracja w Happyjokers Proces Happyjokers login daje naszym polskim u\u017cytkownikom o wiele wi\u0119cej opcji ni\u017c tylko przegl\u0105danie naszej strony jako go\u015b\u0107. Po wykonaniu kilku prostych krok\u00f3w mo\u017cesz nie tylko cieszy\u0107 si\u0119 du\u017c\u0105 kolekcj\u0105 naszych ekscytuj\u0105cych gier, ale tak\u017ce zacz\u0105\u0107 wygrywa\u0107 prawdziwe pieni\u0105dze. Na szcz\u0119\u015bcie rejestracja zajmuje mniej ni\u017c minut\u0119.<\/p>\n","protected":false},"author":1,"featured_media":0,"parent":0,"menu_order":0,"comment_status":"closed","ping_status":"closed","template":"template-builder.php","meta":{"_acf_changed":false,"inline_featured_image":false,"footnotes":""},"class_list":["post-1494","page","type-page","status-publish","hentry"],"acf":[],"yoast_head":"<!-- This site is optimized with the Yoast SEO plugin v27.3 - https:\/\/yoast.com\/product\/yoast-seo-wordpress\/ -->\n<title>Happyjokers Login \u2013 Zaloguj si\u0119 lub Utw\u00f3rz Konto<\/title>\n<meta name=\"description\" content=\"Zaloguj si\u0119 do Happy Jokers Casino lub zarejestruj nowe konto w kilka minut. Bezpiecznie zarz\u0105dzaj saldem, kas\u0105, aktywnymi promocjami i ustawieniami odpowiedzialnej gry.\" \/>\n<meta name=\"robots\" content=\"index, follow, max-snippet:-1, max-image-preview:large, max-video-preview:-1\" \/>\n<link rel=\"canonical\" href=\"https:\/\/thehappyjokers.com\/pl\/logowanie-i-rejestracja\/\" \/>\n<meta property=\"og:locale\" content=\"pl_PL\" \/>\n<meta property=\"og:type\" content=\"article\" \/>\n<meta property=\"og:title\" content=\"Happyjokers Login \u2013 Zaloguj si\u0119 lub Utw\u00f3rz Konto\" \/>\n<meta property=\"og:description\" content=\"Zaloguj si\u0119 do Happy Jokers Casino lub zarejestruj nowe konto w kilka minut. Bezpiecznie zarz\u0105dzaj saldem, kas\u0105, aktywnymi promocjami i ustawieniami odpowiedzialnej gry.\" \/>\n<meta property=\"og:url\" content=\"https:\/\/thehappyjokers.com\/pl\/logowanie-i-rejestracja\/\" \/>\n<meta property=\"og:site_name\" content=\"Happyjokers\" \/>\n<meta property=\"article:modified_time\" content=\"2026-04-06T11:36:17+00:00\" \/>\n<meta name=\"twitter:card\" content=\"summary_large_image\" \/>\n<meta name=\"twitter:label1\" content=\"Est. reading time\" \/>\n\t<meta name=\"twitter:data1\" content=\"1 minute\" \/>\n<script type=\"application\/ld+json\" class=\"yoast-schema-graph\">{\"@context\":\"https:\\\/\\\/schema.org\",\"@graph\":[{\"@type\":\"WebPage\",\"@id\":\"https:\\\/\\\/thehappyjokers.com\\\/pl\\\/logowanie-i-rejestracja\\\/\",\"url\":\"https:\\\/\\\/thehappyjokers.com\\\/pl\\\/logowanie-i-rejestracja\\\/\",\"name\":\"Happyjokers Login \u2013 Zaloguj si\u0119 lub Utw\u00f3rz Konto\",\"isPartOf\":{\"@id\":\"https:\\\/\\\/thehappyjokers.com\\\/pl\\\/#website\"},\"datePublished\":\"2026-04-06T07:28:45+00:00\",\"dateModified\":\"2026-04-06T11:36:17+00:00\",\"description\":\"Zaloguj si\u0119 do Happy Jokers Casino lub zarejestruj nowe konto w kilka minut. Bezpiecznie zarz\u0105dzaj saldem, kas\u0105, aktywnymi promocjami i ustawieniami odpowiedzialnej gry.\",\"breadcrumb\":{\"@id\":\"https:\\\/\\\/thehappyjokers.com\\\/pl\\\/logowanie-i-rejestracja\\\/#breadcrumb\"},\"inLanguage\":\"pl-PL\",\"potentialAction\":[{\"@type\":\"ReadAction\",\"target\":[\"https:\\\/\\\/thehappyjokers.com\\\/pl\\\/logowanie-i-rejestracja\\\/\"]}]},{\"@type\":\"BreadcrumbList\",\"@id\":\"https:\\\/\\\/thehappyjokers.com\\\/pl\\\/logowanie-i-rejestracja\\\/#breadcrumb\",\"itemListElement\":[{\"@type\":\"ListItem\",\"position\":1,\"name\":\"Happyjokers\",\"item\":\"https:\\\/\\\/thehappyjokers.com\\\/pl\\\/\"},{\"@type\":\"ListItem\",\"position\":2,\"name\":\"Logowanie i rejestracja\"}]},{\"@type\":\"WebSite\",\"@id\":\"https:\\\/\\\/thehappyjokers.com\\\/pl\\\/#website\",\"url\":\"https:\\\/\\\/thehappyjokers.com\\\/pl\\\/\",\"name\":\"Happyjokers\",\"description\":\"\",\"publisher\":{\"@id\":\"https:\\\/\\\/thehappyjokers.com\\\/pl\\\/#organization\"},\"potentialAction\":[{\"@type\":\"SearchAction\",\"target\":{\"@type\":\"EntryPoint\",\"urlTemplate\":\"https:\\\/\\\/thehappyjokers.com\\\/pl\\\/?s={search_term_string}\"},\"query-input\":{\"@type\":\"PropertyValueSpecification\",\"valueRequired\":true,\"valueName\":\"search_term_string\"}}],\"inLanguage\":\"pl-PL\"},{\"@type\":\"Organization\",\"@id\":\"https:\\\/\\\/thehappyjokers.com\\\/pl\\\/#organization\",\"name\":\"Happyjokers\",\"url\":\"https:\\\/\\\/thehappyjokers.com\\\/pl\\\/\",\"logo\":{\"@type\":\"ImageObject\",\"inLanguage\":\"pl-PL\",\"@id\":\"https:\\\/\\\/thehappyjokers.com\\\/pl\\\/#\\\/schema\\\/logo\\\/image\\\/\",\"url\":\"https:\\\/\\\/thehappyjokers.com\\\/wp-content\\\/uploads\\\/2026\\\/02\\\/Casino-Logo-Desktop-1.png\",\"contentUrl\":\"https:\\\/\\\/thehappyjokers.com\\\/wp-content\\\/uploads\\\/2026\\\/02\\\/Casino-Logo-Desktop-1.png\",\"width\":237,\"height\":91,\"caption\":\"Happyjokers\"},\"image\":{\"@id\":\"https:\\\/\\\/thehappyjokers.com\\\/pl\\\/#\\\/schema\\\/logo\\\/image\\\/\"}}]}<\/script>\n<!-- \/ Yoast SEO plugin. -->","yoast_head_json":{"title":"Happyjokers Login \u2013 Zaloguj si\u0119 lub Utw\u00f3rz Konto","description":"Zaloguj si\u0119 do Happy Jokers Casino lub zarejestruj nowe konto w kilka minut. Bezpiecznie zarz\u0105dzaj saldem, kas\u0105, aktywnymi promocjami i ustawieniami odpowiedzialnej gry.","robots":{"index":"index","follow":"follow","max-snippet":"max-snippet:-1","max-image-preview":"max-image-preview:large","max-video-preview":"max-video-preview:-1"},"canonical":"https:\/\/thehappyjokers.com\/pl\/logowanie-i-rejestracja\/","og_locale":"pl_PL","og_type":"article","og_title":"Happyjokers Login \u2013 Zaloguj si\u0119 lub Utw\u00f3rz Konto","og_description":"Zaloguj si\u0119 do Happy Jokers Casino lub zarejestruj nowe konto w kilka minut. Bezpiecznie zarz\u0105dzaj saldem, kas\u0105, aktywnymi promocjami i ustawieniami odpowiedzialnej gry.","og_url":"https:\/\/thehappyjokers.com\/pl\/logowanie-i-rejestracja\/","og_site_name":"Happyjokers","article_modified_time":"2026-04-06T11:36:17+00:00","twitter_card":"summary_large_image","twitter_misc":{"Est. reading time":"1 minute"},"schema":{"@context":"https:\/\/schema.org","@graph":[{"@type":"WebPage","@id":"https:\/\/thehappyjokers.com\/pl\/logowanie-i-rejestracja\/","url":"https:\/\/thehappyjokers.com\/pl\/logowanie-i-rejestracja\/","name":"Happyjokers Login \u2013 Zaloguj si\u0119 lub Utw\u00f3rz Konto","isPartOf":{"@id":"https:\/\/thehappyjokers.com\/pl\/#website"},"datePublished":"2026-04-06T07:28:45+00:00","dateModified":"2026-04-06T11:36:17+00:00","description":"Zaloguj si\u0119 do Happy Jokers Casino lub zarejestruj nowe konto w kilka minut. Bezpiecznie zarz\u0105dzaj saldem, kas\u0105, aktywnymi promocjami i ustawieniami odpowiedzialnej gry.","breadcrumb":{"@id":"https:\/\/thehappyjokers.com\/pl\/logowanie-i-rejestracja\/#breadcrumb"},"inLanguage":"pl-PL","potentialAction":[{"@type":"ReadAction","target":["https:\/\/thehappyjokers.com\/pl\/logowanie-i-rejestracja\/"]}]},{"@type":"BreadcrumbList","@id":"https:\/\/thehappyjokers.com\/pl\/logowanie-i-rejestracja\/#breadcrumb","itemListElement":[{"@type":"ListItem","position":1,"name":"Happyjokers","item":"https:\/\/thehappyjokers.com\/pl\/"},{"@type":"ListItem","position":2,"name":"Logowanie i rejestracja"}]},{"@type":"WebSite","@id":"https:\/\/thehappyjokers.com\/pl\/#website","url":"https:\/\/thehappyjokers.com\/pl\/","name":"Happyjokers","description":"","publisher":{"@id":"https:\/\/thehappyjokers.com\/pl\/#organization"},"potentialAction":[{"@type":"SearchAction","target":{"@type":"EntryPoint","urlTemplate":"https:\/\/thehappyjokers.com\/pl\/?s={search_term_string}"},"query-input":{"@type":"PropertyValueSpecification","valueRequired":true,"valueName":"search_term_string"}}],"inLanguage":"pl-PL"},{"@type":"Organization","@id":"https:\/\/thehappyjokers.com\/pl\/#organization","name":"Happyjokers","url":"https:\/\/thehappyjokers.com\/pl\/","logo":{"@type":"ImageObject","inLanguage":"pl-PL","@id":"https:\/\/thehappyjokers.com\/pl\/#\/schema\/logo\/image\/","url":"https:\/\/thehappyjokers.com\/wp-content\/uploads\/2026\/02\/Casino-Logo-Desktop-1.png","contentUrl":"https:\/\/thehappyjokers.com\/wp-content\/uploads\/2026\/02\/Casino-Logo-Desktop-1.png","width":237,"height":91,"caption":"Happyjokers"},"image":{"@id":"https:\/\/thehappyjokers.com\/pl\/#\/schema\/logo\/image\/"}}]}},"_links":{"self":[{"href":"https:\/\/thehappyjokers.com\/pl\/wp-json\/wp\/v2\/pages\/1494","targetHints":{"allow":["GET"]}}],"collection":[{"href":"https:\/\/thehappyjokers.com\/pl\/wp-json\/wp\/v2\/pages"}],"about":[{"href":"https:\/\/thehappyjokers.com\/pl\/wp-json\/wp\/v2\/types\/page"}],"author":[{"embeddable":true,"href":"https:\/\/thehappyjokers.com\/pl\/wp-json\/wp\/v2\/users\/1"}],"replies":[{"embeddable":true,"href":"https:\/\/thehappyjokers.com\/pl\/wp-json\/wp\/v2\/comments?post=1494"}],"version-history":[{"count":2,"href":"https:\/\/thehappyjokers.com\/pl\/wp-json\/wp\/v2\/pages\/1494\/revisions"}],"predecessor-version":[{"id":1915,"href":"https:\/\/thehappyjokers.com\/pl\/wp-json\/wp\/v2\/pages\/1494\/revisions\/1915"}],"wp:attachment":[{"href":"https:\/\/thehappyjokers.com\/pl\/wp-json\/wp\/v2\/media?parent=1494"}],"curies":[{"name":"wp","href":"https:\/\/api.w.org\/{rel}","templated":true}]}}