{"id":1499,"date":"2026-04-06T08:21:58","date_gmt":"2026-04-06T07:21:58","guid":{"rendered":"https:\/\/thehappyjokers.com\/applicazione\/"},"modified":"2026-04-06T13:28:05","modified_gmt":"2026-04-06T12:28:05","slug":"app","status":"publish","type":"page","link":"https:\/\/thehappyjokers.com\/fr\/app\/","title":{"rendered":"App"},"content":{"rendered":"<h1>App Happyjokers : application de casino mobile<\/h1>\n<p>Si votre emplacement g\u00e9ographique limite votre exp\u00e9rience de jeu, Happyjokers App peut r\u00e9soudre ce probl\u00e8me de mani\u00e8re ing\u00e9nieuse. Gr\u00e2ce \u00e0 elle, nos utilisateurs n\u2019ont plus \u00e0 se demander comment acc\u00e9der \u00e0 leurs titres pr\u00e9f\u00e9r\u00e9s. Tout ce dont ils ont besoin, c\u2019est d\u2019une connexion Internet stable.<\/p>\n<div class=\"banner-wrap\" aria-label=\"Banner\"><img src=\"https:\/\/thehappyjokers.com\/wp-content\/uploads\/2026\/02\/Banner-Desktop.webp\" class=\"w-100 d-none d-lg-block img-pc main-banner-img\" alt=\"Banner Desktop\" fetchpriority=\"high\" decoding=\"async\"><img src=\"https:\/\/thehappyjokers.com\/wp-content\/uploads\/2026\/02\/Banner-mobile.webp\" class=\"w-100 d-none d-md-block d-lg-none main-banner-img\" alt=\"Banner mobile\" fetchpriority=\"high\" decoding=\"async\"><img src=\"https:\/\/thehappyjokers.com\/wp-content\/uploads\/2026\/02\/Banner-mobile.webp\" class=\"w-100 d-md-none\" alt=\"Banner mobile\" fetchpriority=\"high\" decoding=\"async\"><div class=\"banner-description\">\n<div class=\"banner-title\">Bonus de bienvenue<\/div>\n<p class=\"banner-header-title\">1 500 \u20ac<\/p>\n<div class=\"banner-header-AdditionalText\">+ 250 Tours gratuits<\/div>\n<button data-item=\"homepage_banner_link\" class=\"goto m-button m-gradient-border m-button--primary m-button--large banner-button btn-orange\">\n            <div class=\"m-button-content\">\n                <span>Inscrivez-vous d\u00e8s maintenant<\/span>\n                <span><\/span>\n            <\/div>\n        <\/button>\n<\/div>\n<div class=\"WelcomePack\">\n<p><img loading=\"lazy\" decoding=\"async\" class=\"alignnone size-full wp-image-1747\" src=\"https:\/\/thehappyjokers.com\/wp-content\/uploads\/welcome-crown-1.png\" alt=\"welcome crown\" width=\"25\" height=\"26\" \/><\/p>\n<div class=\"WelcomePack-Info\">Cashback hebdomadaire jusqu&rsquo;\u00e0 25 %<\/div>\n<p><img loading=\"lazy\" decoding=\"async\" class=\"alignnone size-full wp-image-1747\" src=\"https:\/\/thehappyjokers.com\/wp-content\/uploads\/welcome-crown-1.png\" alt=\"welcome crown\" width=\"25\" height=\"26\" \/><\/p>\n<\/div>\n<\/div>\n<h2>Qu\u2019est-ce que l\u2019application Happyjokers ?<\/h2>\n<p>L\u2019application mobile est une solution web accessible \u00e0 tous les utilisateurs de la plateforme Happyjokers Casino. Son interface reprend la m\u00eame mise en page que le site web principal et offre une exp\u00e9rience de jeu compl\u00e8te. Vous pouvez :<\/p>\n<ul>\n<li>profiter des machines \u00e0 sous et des jeux de table en ligne<\/li>\n<li>participer \u00e0 des tournois<\/li>\n<li>chasser les bonus<\/li>\n<li>essayer les versions d\u00e9mo de nos jeux<\/li>\n<li>effectuer des paiements s\u00e9curis\u00e9s<\/li>\n<li>obtenir de l\u2019aide via le chat en direct<\/li>\n<\/ul>\n<p>C\u2019est pourquoi les joueurs exp\u00e9riment\u00e9s qui connaissent d\u00e9j\u00e0 la plateforme peuvent rapidement s\u2019adapter \u00e0 la version mobile. Et les nouveaux venus qui d\u00e9cident de commencer avec l\u2019application Happy Jokers pourront facilement naviguer dans les sections principales.<\/p>\n<h2>Avantages et fonctionnalit\u00e9s de l\u2019application Happyjokers<\/h2>\n<p>Chaque joueur a ses propres pr\u00e9f\u00e9rences en mati\u00e8re de commodit\u00e9, c\u2019est pourquoi nous proposons plusieurs fa\u00e7ons d\u2019acc\u00e9der \u00e0 la plateforme. Happyjokers Casino vous permet de choisir l\u2019option qui vous convient le mieux ou de passer d\u2019un appareil de bureau \u00e0 un appareil mobile.<\/p>\n<table>\n<tbody>\n<tr>\n<td>Fonctionnalit\u00e9<\/td>\n<td>Site web Happyjokers pour ordinateur<\/td>\n<td>Application mobile (PWA)<\/td>\n<\/tr>\n<tr>\n<td>Acc\u00e8s<\/td>\n<td>N\u00e9cessite un PC ou un ordinateur portable<\/td>\n<td>Disponible 24 h\/24, 7 j\/7 depuis n\u2019importe quel appareil mobile<\/td>\n<\/tr>\n<tr>\n<td>Lancement<\/td>\n<td>Dans un onglet de navigateur<\/td>\n<td>Application autonome (ic\u00f4ne sur l\u2019\u00e9cran d\u2019accueil)<\/td>\n<\/tr>\n<tr>\n<td>Vitesse<\/td>\n<td>Standard<\/td>\n<td>Plus rapide (gr\u00e2ce \u00e0 la mise en cache)<\/td>\n<\/tr>\n<tr>\n<td>Notifications<\/td>\n<td>Limit\u00e9<\/td>\n<td>Prend en charge les notifications push<\/td>\n<\/tr>\n<tr>\n<td>Utilisation des ressources<\/td>\n<td>Utilise les ressources de l\u2019ordinateur<\/td>\n<td>\u00c9conomise de l\u2019espace de stockage sur l\u2019appareil<\/td>\n<\/tr>\n<\/tbody>\n<\/table>\n<p><div class=\"scrollable-content-wrap my-5\"><div class=\"scrollable-content-inner\"><h2>Application mobile pour iOS<\/h2>\n<p>Les utilisateurs d\u2019iPhone peuvent facilement installer l\u2019application Happyjokers. Elle est optimis\u00e9e pour iOS et fonctionne de mani\u00e8re fiable quelle que soit la version de votre appareil. L\u2019application ne n\u00e9cessite pas non plus beaucoup de puissance de traitement, elle fonctionne donc tout aussi bien sur les anciens mod\u00e8les Apple.<\/p>\n<p>Les joueurs qui utilisent ce type d\u2019appareils peuvent constater \u00e0 quel point le logiciel mobile adapte parfaitement toutes les sections aux petits \u00e9crans tout en conservant la m\u00eame ambiance et les m\u00eames fonctionnalit\u00e9s.<\/p>\n<p><img loading=\"lazy\" decoding=\"async\" src=\"https:\/\/thehappyjokers.com\/wp-content\/uploads\/HappyJokers-iOS.webp\" alt=\"HappyJokers iOS\" width=\"1248\" height=\"536\" \/><\/p>\n<\/div><\/div><div style=\"clear: both\"><\/div><div class=\"d-flex justify-content-center\"><button data-item=\"decouvrez_link\" data-group=\"website_links\" class=\"goto fw-bold rounded-pill btn btn-orange\" aria-label=\"T\u00e9l\u00e9chargez l&#039;application HappyJokers\" >T\u00e9l\u00e9chargez l&#039;application HappyJokers<\/button><\/div><div class=\"scrollable-content-wrap my-5\"><div class=\"scrollable-content-inner\"><h2>Application Happyjokers pour Android<\/h2>\n<p>Notre application est \u00e9galement compatible avec les appareils Android. Une fois install\u00e9e, vous pouvez lancer Happy Jokers depuis l\u2019ic\u00f4ne sur votre \u00e9cran d\u2019accueil, recevoir des notifications et utiliser toutes ses fonctionnalit\u00e9s. L\u2019application ne n\u00e9cessite pas de mises \u00e0 jour r\u00e9guli\u00e8res : l\u2019ensemble de la collection de jeux reste toujours \u00e0 jour, et vos bonus, promotions et gains restent inchang\u00e9s.<\/p>\n<p>Le casino en direct fonctionne \u00e9galement sans aucun probl\u00e8me : lorsque vous lancez Happyjokers sur Android, vous n\u2019avez pas \u00e0 vous soucier des blocages ou des erreurs de chargement, car tout fonctionne aussi bien que dans la version standard pour navigateur.<\/p>\n<p><img loading=\"lazy\" decoding=\"async\" src=\"https:\/\/thehappyjokers.com\/wp-content\/uploads\/HappyJokers-Android.webp\" alt=\"HappyJokers Android\" width=\"1248\" height=\"536\" \/><\/p>\n<\/div><\/div><div style=\"clear: both\"><\/div><div class=\"d-flex justify-content-center\"><button data-item=\"decouvrez_link\" data-group=\"website_links\" class=\"goto fw-bold rounded-pill btn btn-orange\" aria-label=\"T\u00e9l\u00e9chargez l&#039;application HappyJokers\" >T\u00e9l\u00e9chargez l&#039;application HappyJokers<\/button><\/div><div class=\"scrollable-content-wrap my-5\"><div class=\"scrollable-content-inner\"><h2>Jouez \u00e0 Happyjokers Casino sur Mac ou Windows<\/h2>\n<p>Pour ceux qui souhaitent profiter de tous les avantages de l\u2019application Happy Jokers sans renoncer \u00e0 un grand \u00e9cran et \u00e0 des graphismes haute r\u00e9solution, nous proposons une version pour ordinateur de bureau sur Mac et Windows. Tout comme l\u2019application mobile, elle ne n\u00e9cessite aucun t\u00e9l\u00e9chargement depuis l\u2019App Store ou Google Play. La plateforme Happyjokers Casino est compatible avec tous les navigateurs, vous pouvez donc l\u2019utiliser sur :<\/p>\n<ul>\n<li>Google Chrome<\/li>\n<li>Safari<\/li>\n<li>Firefox<\/li>\n<li>Opera<\/li>\n<li>Microsoft Edge, et bien d\u2019autres.<\/li>\n<\/ul>\n<p>Elle peut \u00e9galement enregistrer vos identifiants de connexion avec votre accord, vous offrant ainsi un acc\u00e8s encore plus rapide \u00e0 votre compte et aux sections de jeux. Et si vous rencontrez des probl\u00e8mes, l\u2019application Happyjokers dispose d\u2019un chat en direct int\u00e9gr\u00e9 qui vous permet de contacter notre \u00e9quipe d\u2019assistance.<\/p>\n<h2>Comment installer l\u2019application Happyjokers sur n\u2019importe quel appareil<\/h2>\n<p>L\u2019application s\u2019installe en quelques secondes seulement. Pour obtenir la derni\u00e8re version de Happy Jokers, il vous suffit de :<\/p>\n<ol>\n<li>Rendez-vous sur notre site web depuis un appareil mobile.<\/li>\n<li>Cliquez sur l\u2019ic\u00f4ne dor\u00e9e et verte qui ressemble \u00e0 un smartphone.<\/li>\n<li>Dans la fen\u00eatre qui s\u2019ouvre, cliquez sur le bouton \u00ab Installer \u00bb.<\/li>\n<li>Patientez quelques secondes et profitez de toutes les fonctionnalit\u00e9s de l\u2019application.<\/li>\n<\/ol>\n<p>Vous \u00eates d\u00e9sormais pr\u00eat : si vous \u00eates d\u00e9j\u00e0 connect\u00e9, vous n\u2019aurez pas besoin de saisir \u00e0 nouveau vos informations ni de passer par le processus de v\u00e9rification. Vous pouvez commencer \u00e0 utiliser l\u2019application Happyjokers imm\u00e9diatement et d\u00e9couvrir \u00e0 quel point elle est pratique et riche en fonctionnalit\u00e9s.<\/p>\n<p>Par ailleurs, l\u2019application mobile ne se t\u00e9l\u00e9charge pas comme un programme classique et ne prend pas de place suppl\u00e9mentaire sur votre appareil. Cela signifie que toutes les futures mises \u00e0 jour de votre compte ou de la biblioth\u00e8que de jeux de l\u2019application Happyjokers se feront automatiquement.<\/p>\n<p><img loading=\"lazy\" decoding=\"async\" src=\"https:\/\/thehappyjokers.com\/wp-content\/uploads\/HappyJokers-Desktop.webp\" alt=\"HappyJokers Desktop\" width=\"1248\" height=\"536\" \/><\/p>\n<\/div><\/div><div style=\"clear: both\"><\/div><div class=\"d-flex justify-content-center\"><button data-item=\"decouvrez_link\" data-group=\"website_links\" class=\"goto fw-bold rounded-pill btn btn-orange\" aria-label=\"T\u00e9l\u00e9chargez l&#039;application HappyJokers\" >T\u00e9l\u00e9chargez l&#039;application HappyJokers<\/button><\/div><div class=\"scrollable-content-wrap my-5\"><div class=\"scrollable-content-inner\"><h2>FAQ<\/h2>\n<h3>Qu\u2019est-ce qu\u2019une PWA, et en quoi diff\u00e8re-t-elle d\u2019un t\u00e9l\u00e9chargement classique depuis une boutique d\u2019applications ?<\/h3>\n<p>Les PWA sont des sites web qui fonctionnent comme des applications et poss\u00e8dent des caract\u00e9ristiques similaires, telles que des ic\u00f4nes. Contrairement aux logiciels mobiles classiques, elles n\u2019ont pas besoin d\u2019\u00eatre t\u00e9l\u00e9charg\u00e9es depuis une boutique d\u2019applications. Vous pouvez installer notre solution directement depuis la plateforme Happyjokers Casino, ce qui rend le processus beaucoup plus simple et rapide.<\/p>\n<h3>Dois-je cr\u00e9er un nouveau compte pour utiliser la version mobile de Happy Jokers ?<\/h3>\n<p>Si vous disposez d\u00e9j\u00e0 d\u2019un profil, vous n\u2019avez pas besoin de faire cela : vos informations et votre historique seront disponibles dans la version mobile. Mais si vous n\u2019avez pas encore de compte, vous pouvez vous inscrire et effectuer une v\u00e9rification rapide.<\/p>\n<h3>Puis-je supprimer le raccourci sans perdre mon compte ou mon historique de jeu ?<\/h3>\n<p>Si vous supprimez le raccourci, vous ne perdrez que son affichage. Votre compte est stock\u00e9 sur le serveur, vos identifiants de connexion et autres informations importantes seront donc en s\u00e9curit\u00e9. Mais si vous supprimez accidentellement le raccourci de l\u2019application Happy Jokers, ne vous inqui\u00e9tez pas : rendez-vous simplement sur notre site web et cliquez \u00e0 nouveau sur le bouton \u00ab Installer \u00bb.<\/p>\n<h3>Puis-je utiliser Face ID, Touch ID ou la connexion par empreinte digitale avec l\u2019application Happyjokers ?<\/h3>\n<p>Notre solution est une application web progressive, les m\u00e9thodes de connexion sont donc diff\u00e9rentes de celles habituelles. Si votre navigateur prend en charge l\u2019une des m\u00e9thodes d\u2019authentification mentionn\u00e9es, vous pouvez l\u2019utiliser. Mais pour acc\u00e9der rapidement au casino Happyjokers, il vous suffit d\u2019enregistrer votre mot de passe : aucune \u00e9tape suppl\u00e9mentaire n\u2019est requise.<\/p>\n<h3>Le processus de v\u00e9rification est-il disponible via la version mobile ?<\/h3>\n<p>La version mobile offre les m\u00eames fonctionnalit\u00e9s que le site web, vous pouvez donc activer votre compte sur n\u2019importe quelle plateforme : il vous suffit de fournir les informations que nous vous demandons, puis de terminer le processus de v\u00e9rification.<\/p>\n<\/div><\/div><\/p>\n","protected":false},"excerpt":{"rendered":"<p>App Happyjokers : application de casino mobile Si votre emplacement g\u00e9ographique limite votre exp\u00e9rience de jeu, Happyjokers App peut r\u00e9soudre ce probl\u00e8me de mani\u00e8re ing\u00e9nieuse. Gr\u00e2ce \u00e0 elle, nos utilisateurs n\u2019ont plus \u00e0 se demander comment acc\u00e9der \u00e0 leurs titres pr\u00e9f\u00e9r\u00e9s. Tout ce dont ils ont besoin, c\u2019est d\u2019une connexion Internet stable. Qu\u2019est-ce que l\u2019application [&hellip;]<\/p>\n","protected":false},"author":1,"featured_media":0,"parent":0,"menu_order":0,"comment_status":"closed","ping_status":"closed","template":"template-builder.php","meta":{"_acf_changed":false,"inline_featured_image":false,"footnotes":""},"class_list":["post-1499","page","type-page","status-publish","hentry"],"acf":[],"yoast_head":"<!-- This site is optimized with the Yoast SEO plugin v27.3 - https:\/\/yoast.com\/product\/yoast-seo-wordpress\/ -->\n<title>Happyjokers App | Jouez aux Jeux de Casino sur Mobile<\/title>\n<meta name=\"description\" content=\"Installez l&#039;application officielle Happy Jokers sur iOS ou Android. Acc\u00e8s instantan\u00e9 en un tap \u00e0 6000+ jeux, casino en direct et paiements rapides et s\u00e9curis\u00e9s.\" \/>\n<meta name=\"robots\" content=\"index, follow, max-snippet:-1, max-image-preview:large, max-video-preview:-1\" \/>\n<link rel=\"canonical\" href=\"https:\/\/thehappyjokers.com\/fr\/app\/\" \/>\n<meta property=\"og:locale\" content=\"fr_FR\" \/>\n<meta property=\"og:type\" content=\"article\" \/>\n<meta property=\"og:title\" content=\"Happyjokers App | Jouez aux Jeux de Casino sur Mobile\" \/>\n<meta property=\"og:description\" content=\"Installez l&#039;application officielle Happy Jokers sur iOS ou Android. Acc\u00e8s instantan\u00e9 en un tap \u00e0 6000+ jeux, casino en direct et paiements rapides et s\u00e9curis\u00e9s.\" \/>\n<meta property=\"og:url\" content=\"https:\/\/thehappyjokers.com\/fr\/app\/\" \/>\n<meta property=\"og:site_name\" content=\"Happyjokers\" \/>\n<meta property=\"article:modified_time\" content=\"2026-04-06T12:28:05+00:00\" \/>\n<meta name=\"twitter:card\" content=\"summary_large_image\" \/>\n<meta name=\"twitter:label1\" content=\"Dur\u00e9e de lecture estim\u00e9e\" \/>\n\t<meta name=\"twitter:data1\" content=\"2 minutes\" \/>\n<script type=\"application\/ld+json\" class=\"yoast-schema-graph\">{\"@context\":\"https:\\\/\\\/schema.org\",\"@graph\":[{\"@type\":\"WebPage\",\"@id\":\"https:\\\/\\\/thehappyjokers.com\\\/fr\\\/app\\\/\",\"url\":\"https:\\\/\\\/thehappyjokers.com\\\/fr\\\/app\\\/\",\"name\":\"Happyjokers App | Jouez aux Jeux de Casino sur Mobile\",\"isPartOf\":{\"@id\":\"https:\\\/\\\/thehappyjokers.com\\\/fr\\\/#website\"},\"datePublished\":\"2026-04-06T07:21:58+00:00\",\"dateModified\":\"2026-04-06T12:28:05+00:00\",\"description\":\"Installez l'application officielle Happy Jokers sur iOS ou Android. Acc\u00e8s instantan\u00e9 en un tap \u00e0 6000+ jeux, casino en direct et paiements rapides et s\u00e9curis\u00e9s.\",\"breadcrumb\":{\"@id\":\"https:\\\/\\\/thehappyjokers.com\\\/fr\\\/app\\\/#breadcrumb\"},\"inLanguage\":\"fr-FR\",\"potentialAction\":[{\"@type\":\"ReadAction\",\"target\":[\"https:\\\/\\\/thehappyjokers.com\\\/fr\\\/app\\\/\"]}]},{\"@type\":\"BreadcrumbList\",\"@id\":\"https:\\\/\\\/thehappyjokers.com\\\/fr\\\/app\\\/#breadcrumb\",\"itemListElement\":[{\"@type\":\"ListItem\",\"position\":1,\"name\":\"Happyjokers\",\"item\":\"https:\\\/\\\/thehappyjokers.com\\\/fr\\\/\"},{\"@type\":\"ListItem\",\"position\":2,\"name\":\"App\"}]},{\"@type\":\"WebSite\",\"@id\":\"https:\\\/\\\/thehappyjokers.com\\\/fr\\\/#website\",\"url\":\"https:\\\/\\\/thehappyjokers.com\\\/fr\\\/\",\"name\":\"Happyjokers\",\"description\":\"\",\"publisher\":{\"@id\":\"https:\\\/\\\/thehappyjokers.com\\\/fr\\\/#organization\"},\"potentialAction\":[{\"@type\":\"SearchAction\",\"target\":{\"@type\":\"EntryPoint\",\"urlTemplate\":\"https:\\\/\\\/thehappyjokers.com\\\/fr\\\/?s={search_term_string}\"},\"query-input\":{\"@type\":\"PropertyValueSpecification\",\"valueRequired\":true,\"valueName\":\"search_term_string\"}}],\"inLanguage\":\"fr-FR\"},{\"@type\":\"Organization\",\"@id\":\"https:\\\/\\\/thehappyjokers.com\\\/fr\\\/#organization\",\"name\":\"Happyjokers\",\"url\":\"https:\\\/\\\/thehappyjokers.com\\\/fr\\\/\",\"logo\":{\"@type\":\"ImageObject\",\"inLanguage\":\"fr-FR\",\"@id\":\"https:\\\/\\\/thehappyjokers.com\\\/fr\\\/#\\\/schema\\\/logo\\\/image\\\/\",\"url\":\"https:\\\/\\\/thehappyjokers.com\\\/wp-content\\\/uploads\\\/2026\\\/02\\\/Casino-Logo-Desktop-1.png\",\"contentUrl\":\"https:\\\/\\\/thehappyjokers.com\\\/wp-content\\\/uploads\\\/2026\\\/02\\\/Casino-Logo-Desktop-1.png\",\"width\":237,\"height\":91,\"caption\":\"Happyjokers\"},\"image\":{\"@id\":\"https:\\\/\\\/thehappyjokers.com\\\/fr\\\/#\\\/schema\\\/logo\\\/image\\\/\"}}]}<\/script>\n<!-- \/ Yoast SEO plugin. -->","yoast_head_json":{"title":"Happyjokers App | Jouez aux Jeux de Casino sur Mobile","description":"Installez l'application officielle Happy Jokers sur iOS ou Android. Acc\u00e8s instantan\u00e9 en un tap \u00e0 6000+ jeux, casino en direct et paiements rapides et s\u00e9curis\u00e9s.","robots":{"index":"index","follow":"follow","max-snippet":"max-snippet:-1","max-image-preview":"max-image-preview:large","max-video-preview":"max-video-preview:-1"},"canonical":"https:\/\/thehappyjokers.com\/fr\/app\/","og_locale":"fr_FR","og_type":"article","og_title":"Happyjokers App | Jouez aux Jeux de Casino sur Mobile","og_description":"Installez l'application officielle Happy Jokers sur iOS ou Android. Acc\u00e8s instantan\u00e9 en un tap \u00e0 6000+ jeux, casino en direct et paiements rapides et s\u00e9curis\u00e9s.","og_url":"https:\/\/thehappyjokers.com\/fr\/app\/","og_site_name":"Happyjokers","article_modified_time":"2026-04-06T12:28:05+00:00","twitter_card":"summary_large_image","twitter_misc":{"Dur\u00e9e de lecture estim\u00e9e":"2 minutes"},"schema":{"@context":"https:\/\/schema.org","@graph":[{"@type":"WebPage","@id":"https:\/\/thehappyjokers.com\/fr\/app\/","url":"https:\/\/thehappyjokers.com\/fr\/app\/","name":"Happyjokers App | Jouez aux Jeux de Casino sur Mobile","isPartOf":{"@id":"https:\/\/thehappyjokers.com\/fr\/#website"},"datePublished":"2026-04-06T07:21:58+00:00","dateModified":"2026-04-06T12:28:05+00:00","description":"Installez l'application officielle Happy Jokers sur iOS ou Android. Acc\u00e8s instantan\u00e9 en un tap \u00e0 6000+ jeux, casino en direct et paiements rapides et s\u00e9curis\u00e9s.","breadcrumb":{"@id":"https:\/\/thehappyjokers.com\/fr\/app\/#breadcrumb"},"inLanguage":"fr-FR","potentialAction":[{"@type":"ReadAction","target":["https:\/\/thehappyjokers.com\/fr\/app\/"]}]},{"@type":"BreadcrumbList","@id":"https:\/\/thehappyjokers.com\/fr\/app\/#breadcrumb","itemListElement":[{"@type":"ListItem","position":1,"name":"Happyjokers","item":"https:\/\/thehappyjokers.com\/fr\/"},{"@type":"ListItem","position":2,"name":"App"}]},{"@type":"WebSite","@id":"https:\/\/thehappyjokers.com\/fr\/#website","url":"https:\/\/thehappyjokers.com\/fr\/","name":"Happyjokers","description":"","publisher":{"@id":"https:\/\/thehappyjokers.com\/fr\/#organization"},"potentialAction":[{"@type":"SearchAction","target":{"@type":"EntryPoint","urlTemplate":"https:\/\/thehappyjokers.com\/fr\/?s={search_term_string}"},"query-input":{"@type":"PropertyValueSpecification","valueRequired":true,"valueName":"search_term_string"}}],"inLanguage":"fr-FR"},{"@type":"Organization","@id":"https:\/\/thehappyjokers.com\/fr\/#organization","name":"Happyjokers","url":"https:\/\/thehappyjokers.com\/fr\/","logo":{"@type":"ImageObject","inLanguage":"fr-FR","@id":"https:\/\/thehappyjokers.com\/fr\/#\/schema\/logo\/image\/","url":"https:\/\/thehappyjokers.com\/wp-content\/uploads\/2026\/02\/Casino-Logo-Desktop-1.png","contentUrl":"https:\/\/thehappyjokers.com\/wp-content\/uploads\/2026\/02\/Casino-Logo-Desktop-1.png","width":237,"height":91,"caption":"Happyjokers"},"image":{"@id":"https:\/\/thehappyjokers.com\/fr\/#\/schema\/logo\/image\/"}}]}},"_links":{"self":[{"href":"https:\/\/thehappyjokers.com\/fr\/wp-json\/wp\/v2\/pages\/1499","targetHints":{"allow":["GET"]}}],"collection":[{"href":"https:\/\/thehappyjokers.com\/fr\/wp-json\/wp\/v2\/pages"}],"about":[{"href":"https:\/\/thehappyjokers.com\/fr\/wp-json\/wp\/v2\/types\/page"}],"author":[{"embeddable":true,"href":"https:\/\/thehappyjokers.com\/fr\/wp-json\/wp\/v2\/users\/1"}],"replies":[{"embeddable":true,"href":"https:\/\/thehappyjokers.com\/fr\/wp-json\/wp\/v2\/comments?post=1499"}],"version-history":[{"count":3,"href":"https:\/\/thehappyjokers.com\/fr\/wp-json\/wp\/v2\/pages\/1499\/revisions"}],"predecessor-version":[{"id":2023,"href":"https:\/\/thehappyjokers.com\/fr\/wp-json\/wp\/v2\/pages\/1499\/revisions\/2023"}],"wp:attachment":[{"href":"https:\/\/thehappyjokers.com\/fr\/wp-json\/wp\/v2\/media?parent=1499"}],"curies":[{"name":"wp","href":"https:\/\/api.w.org\/{rel}","templated":true}]}}