{"id":1491,"date":"2026-04-06T08:28:45","date_gmt":"2026-04-06T07:28:45","guid":{"rendered":"https:\/\/thehappyjokers.com\/accesso-e-registrazione\/"},"modified":"2026-04-06T11:41:30","modified_gmt":"2026-04-06T10:41:30","slug":"connexion-et-inscription","status":"publish","type":"page","link":"https:\/\/thehappyjokers.com\/fr\/connexion-et-inscription\/","title":{"rendered":"Connexion et inscription"},"content":{"rendered":"<h1>Connexion et inscription sur Happyjokers<\/h1>\n<p>Le processus de Happyjokers login offre \u00e0 nos utilisateurs bien plus de possibilit\u00e9s que la simple navigation sur notre site web en tant qu\u2019invit\u00e9s. Apr\u00e8s avoir suivi quelques \u00e9tapes simples, vous pourrez non seulement profiter d\u2019une vaste s\u00e9lection de nos jeux passionnants, mais aussi commencer \u00e0 gagner de l\u2019argent r\u00e9el. Et heureusement, l\u2019inscription prend moins d\u2019une minute.<\/p>\n<p><div class=\"banner-wrap\" aria-label=\"Banner\"><img src=\"https:\/\/thehappyjokers.com\/wp-content\/uploads\/2026\/02\/Banner-Desktop.webp\" class=\"w-100 d-none d-lg-block img-pc main-banner-img\" alt=\"Banner Desktop\" fetchpriority=\"high\" decoding=\"async\"><img src=\"https:\/\/thehappyjokers.com\/wp-content\/uploads\/2026\/02\/Banner-mobile.webp\" class=\"w-100 d-none d-md-block d-lg-none main-banner-img\" alt=\"Banner mobile\" fetchpriority=\"high\" decoding=\"async\"><img src=\"https:\/\/thehappyjokers.com\/wp-content\/uploads\/2026\/02\/Banner-mobile.webp\" class=\"w-100 d-md-none\" alt=\"Banner mobile\" fetchpriority=\"high\" decoding=\"async\"><div class=\"banner-description\">\n<div class=\"banner-title\">Bonus de bienvenue<\/div>\n<p class=\"banner-header-title\">1 500 \u20ac<\/p>\n<div class=\"banner-header-AdditionalText\">+ 250 Tours gratuits<\/div>\n<button data-item=\"homepage_banner_link\" class=\"goto m-button m-gradient-border m-button--primary m-button--large banner-button btn-orange\">\n            <div class=\"m-button-content\">\n                <span>Inscrivez-vous d\u00e8s maintenant<\/span>\n                <span><\/span>\n            <\/div>\n        <\/button>\n<\/div>\n<div class=\"WelcomePack\">\n<p><img loading=\"lazy\" decoding=\"async\" class=\"alignnone size-full wp-image-1747\" src=\"https:\/\/thehappyjokers.com\/wp-content\/uploads\/welcome-crown-1.png\" alt=\"welcome crown\" width=\"25\" height=\"26\" \/><\/p>\n<div class=\"WelcomePack-Info\">Cashback hebdomadaire jusqu&rsquo;\u00e0 25 %<\/div>\n<p><img loading=\"lazy\" decoding=\"async\" class=\"alignnone size-full wp-image-1747\" src=\"https:\/\/thehappyjokers.com\/wp-content\/uploads\/welcome-crown-1.png\" alt=\"welcome crown\" width=\"25\" height=\"26\" \/><\/p>\n<\/div>\n<\/div><div class=\"scrollable-content-wrap my-5\"><div class=\"scrollable-content-inner\"><h2>Inscription au casino Happyjokers<\/h2>\n<p>Nous accordons une grande importance \u00e0 la s\u00e9curit\u00e9 et \u00e0 l\u2019\u00e9thique de l\u2019exp\u00e9rience de jeu de nos joueurs. C\u2019est pourquoi seules les personnes \u00e2g\u00e9es d\u2019au moins 18 ans peuvent devenir membres de Happy Jokers. Si vous remplissez nos conditions d\u2019\u00e9ligibilit\u00e9, vous aurez un acc\u00e8s complet \u00e0 toutes les fonctionnalit\u00e9s de notre plateforme et \u00e0 notre collection de jeux.<\/p>\n<h3>Comment cr\u00e9er un compte sur Happyjokers Casino ?<\/h3>\n<p>Notre processus d\u2019inscription \u00e0 Happyjokers se d\u00e9roule en quelques \u00e9tapes simples. Pour commencer, il vous suffit de vous rendre sur notre site web. Vous pouvez le faire via votre navigateur ou notre application :<\/p>\n<ol>\n<li>Cliquez sur \u00ab S\u2019inscrire \u00bb dans le coin sup\u00e9rieur droit ou sur la page d\u2019accueil.<\/li>\n<li>Saisissez votre adresse e-mail et votre code promotionnel (si vous en avez un).<\/li>\n<li>Cr\u00e9ez un mot de passe.<\/li>\n<li>Confirmez votre \u00e2ge.<\/li>\n<li>Indiquez votre nom et votre date de naissance.<\/li>\n<\/ol>\n<p>Vous recevrez ensuite une notification vous informant que votre profil a \u00e9t\u00e9 cr\u00e9\u00e9 avec succ\u00e8s.<\/p>\n<h2>Connectez-vous et g\u00e9rez votre compte Happy Jokers<\/h2>\n<p>La proc\u00e9dure de connexion \u00e0 Happy Jokers est tr\u00e8s similaire \u00e0 celle de l\u2019inscription : vous devez cliquer sur le bouton \u00ab Se connecter \u00bb situ\u00e9 \u00e0 droite de l\u2019en-t\u00eate. Cette fois-ci, vous aurez beaucoup moins de donn\u00e9es \u00e0 saisir pour finaliser l\u2019autorisation : il vous suffira d\u2019indiquer votre adresse e-mail et votre mot de passe. Si vous avez enregistr\u00e9 vos identifiants dans le navigateur lors de votre premi\u00e8re session, vous n\u2019aurez plus besoin de les saisir \u00e0 l\u2019avenir : la proc\u00e9dure se fera automatiquement.<\/p>\n<p>Une fois votre profil activ\u00e9, vous pouvez g\u00e9rer ses principales sections.<\/p>\n<table>\n<tbody>\n<tr>\n<td>Rubriques du compte<\/td>\n<td>Ce que vous pouvez faire<\/td>\n<\/tr>\n<tr>\n<td>Profil<\/td>\n<td>Mettre \u00e0 jour vos informations personnelles et vos identifiants de connexion<\/td>\n<\/tr>\n<tr>\n<td>Portefeuille<\/td>\n<td>Ajouter de l\u2019argent et retirer vos fonds<\/td>\n<\/tr>\n<tr>\n<td>Programme de fid\u00e9lit\u00e9<\/td>\n<td>Consultez les bonus et les offres sp\u00e9ciales<\/td>\n<\/tr>\n<tr>\n<td>Historique<\/td>\n<td>Consultez vos jeux et vos transactions<\/td>\n<\/tr>\n<tr>\n<td>Inviter des amis<\/td>\n<td>Invitez des amis et gagnez des r\u00e9compenses<\/td>\n<\/tr>\n<tr>\n<td>Notifications<\/td>\n<td>G\u00e9rer vos alertes et mises \u00e0 jour<\/td>\n<\/tr>\n<tr>\n<td>Centre d\u2019aide<\/td>\n<td>Obtenir de l\u2019aide et trouver des r\u00e9ponses (FAQ)<\/td>\n<\/tr>\n<tr>\n<td>Se d\u00e9connecter<\/td>\n<td>D\u00e9connectez-vous de votre compte<\/td>\n<\/tr>\n<\/tbody>\n<\/table>\n<h3>Comment se connecter via l\u2019application mobile<\/h3>\n<p>Notre plateforme est disponible aussi bien sur grand \u00e9cran que sur petit \u00e9cran. Gr\u00e2ce \u00e0 l\u2019application Happyjokers, vous pouvez jouer sur votre smartphone. Pour commencer, il vous suffit de trouver l\u2019ic\u00f4ne d\u00e9di\u00e9e en bas de page du site officiel et d\u2019installer l\u2019application sur votre appareil. Ensuite, saisissez vos identifiants pour acc\u00e9der \u00e0 votre compte de mani\u00e8re plus pratique. Tout comme la version pour ordinateur, l\u2019application mobile peut les enregistrer ; ainsi, la prochaine fois, il vous suffira d\u2019appuyer sur le raccourci pour vous connecter.<\/p>\n<h3>Mot de passe oubli\u00e9 ?<\/h3>\n<p>Si vous ne vous souvenez pas de vos identifiants Happyjokers, vous pouvez facilement les r\u00e9initialiser. Il vous suffit de cliquer sur l\u2019option situ\u00e9e sous le formulaire : vous serez invit\u00e9 \u00e0 saisir l\u2019adresse e-mail utilis\u00e9e lors de votre inscription. Vous recevrez ensuite toutes les instructions : il vous suffira de suivre le lien pour d\u00e9finir un nouveau mot de passe. Nous vous recommandons \u00e9galement de l\u2019enregistrer afin de ne pas avoir \u00e0 le retaper \u00e0 l\u2019avenir.<\/p>\n<h2>V\u00e9rification du casino Happy Jokers<\/h2>\n<p>Il est tr\u00e8s important pour nous de prot\u00e9ger les donn\u00e9es personnelles et les coordonn\u00e9es bancaires de nos joueurs. Pour activer pleinement votre compte et effectuer des transactions financi\u00e8res sans restrictions, vous devez suivre la proc\u00e9dure de v\u00e9rification avant votre premier retrait.<\/p>\n<p>Dans le cadre de cette v\u00e9rification, nous pouvons vous demander les documents suivants :<\/p>\n<ul>\n<li>des copies de votre carte d\u2019identit\u00e9 ou de votre passeport<\/li>\n<li>des copies de vos factures de services publics<\/li>\n<li>des copies de votre carte de d\u00e9bit ou de cr\u00e9dit<\/li>\n<\/ul>\n<p>Veuillez noter que tous les documents que vous fournissez \u00e0 Happyjokers Casino doivent \u00eatre valides et authentiques. D\u00e8s que nos mod\u00e9rateurs auront termin\u00e9 leur v\u00e9rification, vous pourrez continuer \u00e0 retirer des fonds librement.<\/p>\n<p><img loading=\"lazy\" decoding=\"async\" class=\"alignnone size-full wp-image-1772\" src=\"https:\/\/thehappyjokers.com\/wp-content\/uploads\/HappyJokers-Login-Page.webp\" alt=\"HappyJokers Login Page\" width=\"1248\" height=\"536\" srcset=\"https:\/\/thehappyjokers.com\/wp-content\/uploads\/HappyJokers-Login-Page.webp 1248w, https:\/\/thehappyjokers.com\/wp-content\/uploads\/HappyJokers-Login-Page-300x129.webp 300w, https:\/\/thehappyjokers.com\/wp-content\/uploads\/HappyJokers-Login-Page-1024x440.webp 1024w, https:\/\/thehappyjokers.com\/wp-content\/uploads\/HappyJokers-Login-Page-768x330.webp 768w\" sizes=\"auto, (max-width: 1248px) 100vw, 1248px\" \/><\/p>\n<h2>Probl\u00e8mes courants et solutions rapides<\/h2>\n<p>La proc\u00e9dure de connexion \u00e0 Happyjokers peut parfois s\u2019av\u00e9rer difficile pour diverses raisons. De ce fait, nos joueurs ne peuvent pas profiter de l\u2019exp\u00e9rience de jeu qu\u2019ils attendent. Si cela vous arrive, vous pouvez d\u00e9crire votre situation \u00e0 notre service client, qui offre une assistance multilingue 24h\/24 et 7j\/7. Mais dans certains cas, il suffit de v\u00e9rifier quelques causes potentielles du probl\u00e8me :<\/p>\n<table>\n<tbody>\n<tr>\n<td>Probl\u00e8me<\/td>\n<td>Causes possibles<\/td>\n<td>Solution<\/td>\n<\/tr>\n<tr>\n<td>Nom d\u2019utilisateur ou mot de passe incorrect<\/td>\n<td>Le verrouillage des majuscules est peut-\u00eatre activ\u00e9 ou votre navigateur a peut-\u00eatre enregistr\u00e9 un ancien mot de passe<\/td>\n<td>V\u00e9rifiez les informations que vous avez saisies ou utilisez l\u2019option de r\u00e9cup\u00e9ration du mot de passe<\/td>\n<\/tr>\n<tr>\n<td>Vous n\u2019avez pas re\u00e7u l\u2019e-mail de r\u00e9initialisation du mot de passe<\/td>\n<td>L\u2019e-mail se trouve peut-\u00eatre dans votre dossier de courrier ind\u00e9sirable ou vous avez peut-\u00eatre saisi des informations erron\u00e9es<\/td>\n<td>Ouvrez votre dossier de courrier ind\u00e9sirable ou r\u00e9essayez<\/td>\n<\/tr>\n<tr>\n<td>Le compte est bloqu\u00e9<\/td>\n<td>Cela peut \u00eatre d\u00fb \u00e0 des violations des r\u00e8gles, \u00e0 une activit\u00e9 suspecte ou \u00e0 un trop grand nombre de tentatives de connexion infructueuses<\/td>\n<td>Contactez notre \u00e9quipe d\u2019assistance via le chat en direct<\/td>\n<\/tr>\n<tr>\n<td>L\u2019acc\u00e8s est restreint<\/td>\n<td>Il se peut que Happyjokers Casino ne soit pas disponible dans votre pays, ou que vous utilisiez un VPN\/proxy<\/td>\n<td>D\u00e9sactivez votre VPN ou v\u00e9rifiez la disponibilit\u00e9 dans votre r\u00e9gion<\/td>\n<\/tr>\n<tr>\n<td>Probl\u00e8mes techniques<\/td>\n<td>Cela peut \u00eatre d\u00fb \u00e0 un navigateur obsol\u00e8te ou \u00e0 des facteurs li\u00e9s au serveur<\/td>\n<td>Essayez de le mettre \u00e0 jour, de vider le cache ou de changer d\u2019appareil<\/td>\n<\/tr>\n<tr>\n<td>Le site web se charge lentement<\/td>\n<td>Votre connexion est peut-\u00eatre instable ou le serveur est peut-\u00eatre surcharg\u00e9<\/td>\n<td>V\u00e9rifiez votre connexion Internet ou r\u00e9essayez plus tard<\/td>\n<\/tr>\n<\/tbody>\n<\/table>\n<h2>FAQ<\/h2>\n<h3>Puis-je ajouter un code promotionnel apr\u00e8s avoir termin\u00e9 mon inscription sur Happy Jokers ?<\/h3>\n<p>Cette option n\u2019est disponible que lors de l\u2019inscription sur Happy Jokers Casino. Vous devez le saisir \u00e0 ce stade ; sinon, il ne sera plus valable par la suite.<\/p>\n<h3>Que dois-je faire si le syst\u00e8me indique que mon mot de passe est incorrect, alors que je suis s\u00fbr qu\u2019il ne l\u2019est pas ?<\/h3>\n<p>V\u00e9rifiez si la touche Caps Lock est activ\u00e9e ou si votre navigateur a enregistr\u00e9 des informations de connexion Happy Jokers obsol\u00e8tes. Il vous suffit de saisir \u00e0 nouveau vos donn\u00e9es ou de demander une r\u00e9initialisation de mot de passe.<\/p>\n<h3>Comment mettre \u00e0 jour mon num\u00e9ro de t\u00e9l\u00e9phone ou mes autres coordonn\u00e9es dans mon compte ?<\/h3>\n<p>Chaque utilisateur du casino Happy Jokers peut modifier ses informations dans la section \u00ab Profil \u00bb. Veuillez noter que, dans certains cas, nous pouvons \u00eatre amen\u00e9s \u00e0 demander des v\u00e9rifications d\u2019identit\u00e9 suppl\u00e9mentaires.<\/p>\n<h3>Puis-je me connecter \u00e0 Happyjokers sur plusieurs appareils en m\u00eame temps ?<\/h3>\n<p>Vous pouvez acc\u00e9der \u00e0 notre plateforme via un navigateur ou via l\u2019application mobile. Cependant, pour des raisons de s\u00e9curit\u00e9, nous limitons les sessions simultan\u00e9es. Nous vous demandons donc de n\u2019utiliser qu\u2019une seule m\u00e9thode de connexion Happyjokers \u00e0 la fois.<\/p>\n<h3>Puis-je continuer \u00e0 jouer et \u00e0 effectuer des d\u00e9p\u00f4ts pendant que ma v\u00e9rification est en cours d\u2019examen ?<\/h3>\n<p>Nous ne limitons pas l\u2019activit\u00e9 de jeu de nos joueurs ni ne les emp\u00eachons de g\u00e9rer leur solde. Toutefois, si vous souhaitez retirer des fonds de votre compte Happyjokers Casino, vous devrez suivre une proc\u00e9dure de confirmation d\u2019identit\u00e9.<\/p>\n<\/div><\/div><\/p>\n","protected":false},"excerpt":{"rendered":"<p>Connexion et inscription sur Happyjokers Le processus de Happyjokers login offre \u00e0 nos utilisateurs bien plus de possibilit\u00e9s que la simple navigation sur notre site web en tant qu\u2019invit\u00e9s. Apr\u00e8s avoir suivi quelques \u00e9tapes simples, vous pourrez non seulement profiter d\u2019une vaste s\u00e9lection de nos jeux passionnants, mais aussi commencer \u00e0 gagner de l\u2019argent r\u00e9el. [&hellip;]<\/p>\n","protected":false},"author":1,"featured_media":0,"parent":0,"menu_order":0,"comment_status":"closed","ping_status":"closed","template":"template-builder.php","meta":{"_acf_changed":false,"inline_featured_image":false,"footnotes":""},"class_list":["post-1491","page","type-page","status-publish","hentry"],"acf":[],"yoast_head":"<!-- This site is optimized with the Yoast SEO plugin v27.3 - https:\/\/yoast.com\/product\/yoast-seo-wordpress\/ -->\n<title>Happyjokers Login \u2013 Connexion ou Cr\u00e9ation de Compte<\/title>\n<meta name=\"description\" content=\"Connectez-vous \u00e0 Happy Jokers Casino ou cr\u00e9ez un nouveau compte en quelques minutes. Acc\u00e9dez en toute s\u00e9curit\u00e9 \u00e0 votre solde, caisse, promotions actives et param\u00e8tres de jeu responsable.\" \/>\n<meta name=\"robots\" content=\"index, follow, max-snippet:-1, max-image-preview:large, max-video-preview:-1\" \/>\n<link rel=\"canonical\" href=\"https:\/\/thehappyjokers.com\/fr\/connexion-et-inscription\/\" \/>\n<meta property=\"og:locale\" content=\"fr_FR\" \/>\n<meta property=\"og:type\" content=\"article\" \/>\n<meta property=\"og:title\" content=\"Happyjokers Login \u2013 Connexion ou Cr\u00e9ation de Compte\" \/>\n<meta property=\"og:description\" content=\"Connectez-vous \u00e0 Happy Jokers Casino ou cr\u00e9ez un nouveau compte en quelques minutes. Acc\u00e9dez en toute s\u00e9curit\u00e9 \u00e0 votre solde, caisse, promotions actives et param\u00e8tres de jeu responsable.\" \/>\n<meta property=\"og:url\" content=\"https:\/\/thehappyjokers.com\/fr\/connexion-et-inscription\/\" \/>\n<meta property=\"og:site_name\" content=\"Happyjokers\" \/>\n<meta property=\"article:modified_time\" content=\"2026-04-06T10:41:30+00:00\" \/>\n<meta name=\"twitter:card\" content=\"summary_large_image\" \/>\n<meta name=\"twitter:label1\" content=\"Dur\u00e9e de lecture estim\u00e9e\" \/>\n\t<meta name=\"twitter:data1\" content=\"1 minute\" \/>\n<script type=\"application\/ld+json\" class=\"yoast-schema-graph\">{\"@context\":\"https:\\\/\\\/schema.org\",\"@graph\":[{\"@type\":\"WebPage\",\"@id\":\"https:\\\/\\\/thehappyjokers.com\\\/fr\\\/connexion-et-inscription\\\/\",\"url\":\"https:\\\/\\\/thehappyjokers.com\\\/fr\\\/connexion-et-inscription\\\/\",\"name\":\"Happyjokers Login \u2013 Connexion ou Cr\u00e9ation de Compte\",\"isPartOf\":{\"@id\":\"https:\\\/\\\/thehappyjokers.com\\\/fr\\\/#website\"},\"datePublished\":\"2026-04-06T07:28:45+00:00\",\"dateModified\":\"2026-04-06T10:41:30+00:00\",\"description\":\"Connectez-vous \u00e0 Happy Jokers Casino ou cr\u00e9ez un nouveau compte en quelques minutes. Acc\u00e9dez en toute s\u00e9curit\u00e9 \u00e0 votre solde, caisse, promotions actives et param\u00e8tres de jeu responsable.\",\"breadcrumb\":{\"@id\":\"https:\\\/\\\/thehappyjokers.com\\\/fr\\\/connexion-et-inscription\\\/#breadcrumb\"},\"inLanguage\":\"fr-FR\",\"potentialAction\":[{\"@type\":\"ReadAction\",\"target\":[\"https:\\\/\\\/thehappyjokers.com\\\/fr\\\/connexion-et-inscription\\\/\"]}]},{\"@type\":\"BreadcrumbList\",\"@id\":\"https:\\\/\\\/thehappyjokers.com\\\/fr\\\/connexion-et-inscription\\\/#breadcrumb\",\"itemListElement\":[{\"@type\":\"ListItem\",\"position\":1,\"name\":\"Happyjokers\",\"item\":\"https:\\\/\\\/thehappyjokers.com\\\/fr\\\/\"},{\"@type\":\"ListItem\",\"position\":2,\"name\":\"Connexion et inscription\"}]},{\"@type\":\"WebSite\",\"@id\":\"https:\\\/\\\/thehappyjokers.com\\\/fr\\\/#website\",\"url\":\"https:\\\/\\\/thehappyjokers.com\\\/fr\\\/\",\"name\":\"Happyjokers\",\"description\":\"\",\"publisher\":{\"@id\":\"https:\\\/\\\/thehappyjokers.com\\\/fr\\\/#organization\"},\"potentialAction\":[{\"@type\":\"SearchAction\",\"target\":{\"@type\":\"EntryPoint\",\"urlTemplate\":\"https:\\\/\\\/thehappyjokers.com\\\/fr\\\/?s={search_term_string}\"},\"query-input\":{\"@type\":\"PropertyValueSpecification\",\"valueRequired\":true,\"valueName\":\"search_term_string\"}}],\"inLanguage\":\"fr-FR\"},{\"@type\":\"Organization\",\"@id\":\"https:\\\/\\\/thehappyjokers.com\\\/fr\\\/#organization\",\"name\":\"Happyjokers\",\"url\":\"https:\\\/\\\/thehappyjokers.com\\\/fr\\\/\",\"logo\":{\"@type\":\"ImageObject\",\"inLanguage\":\"fr-FR\",\"@id\":\"https:\\\/\\\/thehappyjokers.com\\\/fr\\\/#\\\/schema\\\/logo\\\/image\\\/\",\"url\":\"https:\\\/\\\/thehappyjokers.com\\\/wp-content\\\/uploads\\\/2026\\\/02\\\/Casino-Logo-Desktop-1.png\",\"contentUrl\":\"https:\\\/\\\/thehappyjokers.com\\\/wp-content\\\/uploads\\\/2026\\\/02\\\/Casino-Logo-Desktop-1.png\",\"width\":237,\"height\":91,\"caption\":\"Happyjokers\"},\"image\":{\"@id\":\"https:\\\/\\\/thehappyjokers.com\\\/fr\\\/#\\\/schema\\\/logo\\\/image\\\/\"}}]}<\/script>\n<!-- \/ Yoast SEO plugin. -->","yoast_head_json":{"title":"Happyjokers Login \u2013 Connexion ou Cr\u00e9ation de Compte","description":"Connectez-vous \u00e0 Happy Jokers Casino ou cr\u00e9ez un nouveau compte en quelques minutes. Acc\u00e9dez en toute s\u00e9curit\u00e9 \u00e0 votre solde, caisse, promotions actives et param\u00e8tres de jeu responsable.","robots":{"index":"index","follow":"follow","max-snippet":"max-snippet:-1","max-image-preview":"max-image-preview:large","max-video-preview":"max-video-preview:-1"},"canonical":"https:\/\/thehappyjokers.com\/fr\/connexion-et-inscription\/","og_locale":"fr_FR","og_type":"article","og_title":"Happyjokers Login \u2013 Connexion ou Cr\u00e9ation de Compte","og_description":"Connectez-vous \u00e0 Happy Jokers Casino ou cr\u00e9ez un nouveau compte en quelques minutes. Acc\u00e9dez en toute s\u00e9curit\u00e9 \u00e0 votre solde, caisse, promotions actives et param\u00e8tres de jeu responsable.","og_url":"https:\/\/thehappyjokers.com\/fr\/connexion-et-inscription\/","og_site_name":"Happyjokers","article_modified_time":"2026-04-06T10:41:30+00:00","twitter_card":"summary_large_image","twitter_misc":{"Dur\u00e9e de lecture estim\u00e9e":"1 minute"},"schema":{"@context":"https:\/\/schema.org","@graph":[{"@type":"WebPage","@id":"https:\/\/thehappyjokers.com\/fr\/connexion-et-inscription\/","url":"https:\/\/thehappyjokers.com\/fr\/connexion-et-inscription\/","name":"Happyjokers Login \u2013 Connexion ou Cr\u00e9ation de Compte","isPartOf":{"@id":"https:\/\/thehappyjokers.com\/fr\/#website"},"datePublished":"2026-04-06T07:28:45+00:00","dateModified":"2026-04-06T10:41:30+00:00","description":"Connectez-vous \u00e0 Happy Jokers Casino ou cr\u00e9ez un nouveau compte en quelques minutes. Acc\u00e9dez en toute s\u00e9curit\u00e9 \u00e0 votre solde, caisse, promotions actives et param\u00e8tres de jeu responsable.","breadcrumb":{"@id":"https:\/\/thehappyjokers.com\/fr\/connexion-et-inscription\/#breadcrumb"},"inLanguage":"fr-FR","potentialAction":[{"@type":"ReadAction","target":["https:\/\/thehappyjokers.com\/fr\/connexion-et-inscription\/"]}]},{"@type":"BreadcrumbList","@id":"https:\/\/thehappyjokers.com\/fr\/connexion-et-inscription\/#breadcrumb","itemListElement":[{"@type":"ListItem","position":1,"name":"Happyjokers","item":"https:\/\/thehappyjokers.com\/fr\/"},{"@type":"ListItem","position":2,"name":"Connexion et inscription"}]},{"@type":"WebSite","@id":"https:\/\/thehappyjokers.com\/fr\/#website","url":"https:\/\/thehappyjokers.com\/fr\/","name":"Happyjokers","description":"","publisher":{"@id":"https:\/\/thehappyjokers.com\/fr\/#organization"},"potentialAction":[{"@type":"SearchAction","target":{"@type":"EntryPoint","urlTemplate":"https:\/\/thehappyjokers.com\/fr\/?s={search_term_string}"},"query-input":{"@type":"PropertyValueSpecification","valueRequired":true,"valueName":"search_term_string"}}],"inLanguage":"fr-FR"},{"@type":"Organization","@id":"https:\/\/thehappyjokers.com\/fr\/#organization","name":"Happyjokers","url":"https:\/\/thehappyjokers.com\/fr\/","logo":{"@type":"ImageObject","inLanguage":"fr-FR","@id":"https:\/\/thehappyjokers.com\/fr\/#\/schema\/logo\/image\/","url":"https:\/\/thehappyjokers.com\/wp-content\/uploads\/2026\/02\/Casino-Logo-Desktop-1.png","contentUrl":"https:\/\/thehappyjokers.com\/wp-content\/uploads\/2026\/02\/Casino-Logo-Desktop-1.png","width":237,"height":91,"caption":"Happyjokers"},"image":{"@id":"https:\/\/thehappyjokers.com\/fr\/#\/schema\/logo\/image\/"}}]}},"_links":{"self":[{"href":"https:\/\/thehappyjokers.com\/fr\/wp-json\/wp\/v2\/pages\/1491","targetHints":{"allow":["GET"]}}],"collection":[{"href":"https:\/\/thehappyjokers.com\/fr\/wp-json\/wp\/v2\/pages"}],"about":[{"href":"https:\/\/thehappyjokers.com\/fr\/wp-json\/wp\/v2\/types\/page"}],"author":[{"embeddable":true,"href":"https:\/\/thehappyjokers.com\/fr\/wp-json\/wp\/v2\/users\/1"}],"replies":[{"embeddable":true,"href":"https:\/\/thehappyjokers.com\/fr\/wp-json\/wp\/v2\/comments?post=1491"}],"version-history":[{"count":2,"href":"https:\/\/thehappyjokers.com\/fr\/wp-json\/wp\/v2\/pages\/1491\/revisions"}],"predecessor-version":[{"id":1782,"href":"https:\/\/thehappyjokers.com\/fr\/wp-json\/wp\/v2\/pages\/1491\/revisions\/1782"}],"wp:attachment":[{"href":"https:\/\/thehappyjokers.com\/fr\/wp-json\/wp\/v2\/media?parent=1491"}],"curies":[{"name":"wp","href":"https:\/\/api.w.org\/{rel}","templated":true}]}}