{"id":1501,"date":"2026-04-06T08:21:58","date_gmt":"2026-04-06T07:21:58","guid":{"rendered":"https:\/\/thehappyjokers.com\/applicazione\/"},"modified":"2026-04-10T12:09:25","modified_gmt":"2026-04-10T11:09:25","slug":"app","status":"publish","type":"page","link":"https:\/\/thehappyjokers.com\/de\/app\/","title":{"rendered":"App"},"content":{"rendered":"<h1>Happyjokers App: Mobile Casino-Anwendung<\/h1>\n<p>Wenn Ihr Standort Ihr Spielerlebnis einschr\u00e4nkt, kann unsere Happyjokers App dieses Problem geschickt l\u00f6sen. Dank ihr m\u00fcssen sich unsere italienischen Nutzer keine Gedanken dar\u00fcber machen, wie sie auf ihre Lieblingstitel zugreifen k\u00f6nnen. Alles, was sie brauchen, ist lediglich eine stabile Internetverbindung.<\/p>\n<div class=\"banner-wrap\" aria-label=\"Banner\"><img src=\"https:\/\/thehappyjokers.com\/wp-content\/uploads\/2026\/02\/Banner-Desktop.webp\" class=\"w-100 d-none d-lg-block img-pc main-banner-img\" alt=\"Banner Desktop\" fetchpriority=\"high\" decoding=\"async\"><img src=\"https:\/\/thehappyjokers.com\/wp-content\/uploads\/2026\/02\/Banner-mobile.webp\" class=\"w-100 d-none d-md-block d-lg-none main-banner-img\" alt=\"Banner mobile\" fetchpriority=\"high\" decoding=\"async\"><img src=\"https:\/\/thehappyjokers.com\/wp-content\/uploads\/2026\/02\/Banner-mobile.webp\" class=\"w-100 d-md-none\" alt=\"Banner mobile\" fetchpriority=\"high\" decoding=\"async\"><div class=\"banner-description\">\n<div class=\"banner-title\">Willkommensboni<\/div>\n<p class=\"banner-header-title\">1 500 \u20ac<\/p>\n<div class=\"banner-header-AdditionalText\">+ 250 Freispiele<\/div>\n<button data-item=\"homepage_banner_link\" class=\"goto m-button m-gradient-border m-button--primary m-button--large banner-button btn-orange\">\n            <div class=\"m-button-content\">\n                <span>Jetzt anmelden<\/span>\n                <span><\/span>\n            <\/div>\n        <\/button>\n<\/div>\n<div class=\"WelcomePack\">\n<p><img loading=\"lazy\" decoding=\"async\" class=\"alignnone size-full wp-image-1749\" src=\"https:\/\/thehappyjokers.com\/wp-content\/uploads\/welcome-crown-1.png\" alt=\"welcome crown\" width=\"25\" height=\"26\" \/><\/p>\n<div class=\"WelcomePack-Info\">W\u00f6chentlicher Cashback von bis zu 25 %<\/div>\n<p><img loading=\"lazy\" decoding=\"async\" class=\"alignnone size-full wp-image-1749\" src=\"https:\/\/thehappyjokers.com\/wp-content\/uploads\/welcome-crown-1.png\" alt=\"welcome crown\" width=\"25\" height=\"26\" \/><\/p>\n<\/div>\n<\/div>\n<h2>Was ist die Happyjokers App?<\/h2>\n<p>Die mobile App ist eine webbasierte L\u00f6sung, die allen Nutzern der Happyjokers Casino Plattform zur Verf\u00fcgung steht. Ihre Benutzeroberfl\u00e4che folgt dem gleichen Layout wie die Hauptwebsite und bietet ein umfassendes Spielerlebnis. Sie k\u00f6nnen:<\/p>\n<ul>\n<li>Online-Slots und Tischspiele genie\u00dfen<\/li>\n<li>An Turnieren teilnehmen<\/li>\n<li>Nach Boni suchen<\/li>\n<li>Demo-Versionen unserer Titel ausprobieren<\/li>\n<li>Sichere Zahlungen vornehmen<\/li>\n<li>Hilfe \u00fcber den Live-Chat erhalten<\/li>\n<\/ul>\n<p>Deshalb k\u00f6nnen sich erfahrene Spieler, die bereits mit der Plattform vertraut sind, schnell an die mobile Version gew\u00f6hnen. Und Neulinge, die sich entscheiden, mit der Happy Jokers App zu beginnen, werden sich m\u00fchelos in den Hauptbereichen zurechtfinden.<\/p>\n<h2>Vorteile und Funktionen der Happyjokers App<\/h2>\n<p>Jeder Spieler hat seine eigenen Vorlieben, was den Komfort angeht, daher bieten wir mehrere M\u00f6glichkeiten, auf die Plattform zuzugreifen. Bei Happyjokers Casino k\u00f6nnen Sie die Option w\u00e4hlen, die am besten zu Ihnen passt, oder zwischen Desktop- und Mobilger\u00e4ten wechseln.<\/p>\n<table>\n<tbody>\n<tr>\n<td>Funktion<\/td>\n<td>Happyjokers Desktop-Website<\/td>\n<td>Mobile App (PWA)<\/td>\n<\/tr>\n<tr>\n<td>Zugriff<\/td>\n<td>Erfordert einen PC oder Laptop<\/td>\n<td>Rund um die Uhr von jedem mobilen Ger\u00e4t aus verf\u00fcgbar<\/td>\n<\/tr>\n<tr>\n<td>Starten<\/td>\n<td>In einem Browser-Tab<\/td>\n<td>Eigenst\u00e4ndige App (Symbol auf dem Startbildschirm)<\/td>\n<\/tr>\n<tr>\n<td>Geschwindigkeit<\/td>\n<td>Standard<\/td>\n<td>Schneller (dank Caching)<\/td>\n<\/tr>\n<tr>\n<td>Benachrichtigungen<\/td>\n<td>Eingeschr\u00e4nkt<\/td>\n<td>Unterst\u00fctzt Push-Benachrichtigungen<\/td>\n<\/tr>\n<tr>\n<td>Ressourcenverbrauch<\/td>\n<td>Verbraucht Computerressourcen<\/td>\n<td>Spart Speicherplatz auf dem Ger\u00e4t<\/td>\n<\/tr>\n<\/tbody>\n<\/table>\n<p><div class=\"scrollable-content-wrap my-5\"><div class=\"scrollable-content-inner\"><h2>Mobile App f\u00fcr iOS<\/h2>\n<p>iPhone-Nutzer k\u00f6nnen die Happyjokers App ganz einfach installieren. Sie ist f\u00fcr iOS optimiert und funktioniert unabh\u00e4ngig von der Version Ihres Ger\u00e4ts zuverl\u00e4ssig. Die App ben\u00f6tigt zudem nicht viel Rechenleistung, sodass sie auch auf \u00e4lteren Apple-Modellen einwandfrei l\u00e4uft.<\/p>\n<p>Spieler, die solche Ger\u00e4te nutzen, k\u00f6nnen erleben, wie gut die mobile Software alle Bereiche an kleine Bildschirme anpasst und dabei die gleiche Atmosph\u00e4re und Funktionalit\u00e4t beibeh\u00e4lt.<\/p>\n<p><img loading=\"lazy\" decoding=\"async\" src=\"https:\/\/thehappyjokers.com\/wp-content\/uploads\/HappyJokers-iOS.webp\" alt=\"HappyJokers iOS\" width=\"1248\" height=\"536\" \/><\/p>\n<\/div><\/div><div style=\"clear: both\"><\/div><div class=\"d-flex justify-content-center\"><button data-item=\"decouvrez_link\" data-group=\"website_links\" class=\"goto fw-bold rounded-pill btn btn-orange\" aria-label=\"Laden Sie die HappyJokers-App herunter\" >Laden Sie die HappyJokers-App herunter<\/button><\/div><div class=\"scrollable-content-wrap my-5\"><div class=\"scrollable-content-inner\"><h2>Happyjokers App f\u00fcr Android<\/h2>\n<p>Unsere App eignet sich auch f\u00fcr Android-Ger\u00e4te. Nach der Installation k\u00f6nnen Sie Happy Jokers \u00fcber das Symbol auf Ihrem Startbildschirm starten, Benachrichtigungen erhalten und alle Funktionen nutzen. Die App ben\u00f6tigt keine regelm\u00e4\u00dfigen Updates: Die gesamte Spielesammlung bleibt stets auf dem neuesten Stand, und Ihre Boni, Aktionen und Gewinne bleiben unver\u00e4ndert.<\/p>\n<p>Auch das Live-Casino funktioniert reibungslos: Wenn Sie Happyjokers auf Android starten, m\u00fcssen Sie sich keine Sorgen um Einfrieren oder Ladefehler machen, denn alles l\u00e4uft genauso gut wie in der Standard-Browser-Version.<\/p>\n<p><img loading=\"lazy\" decoding=\"async\" src=\"https:\/\/thehappyjokers.com\/wp-content\/uploads\/HappyJokers-Android.webp\" alt=\"HappyJokers Android\" width=\"1248\" height=\"536\" \/><\/p>\n<\/div><\/div><div style=\"clear: both\"><\/div><div class=\"d-flex justify-content-center\"><button data-item=\"decouvrez_link\" data-group=\"website_links\" class=\"goto fw-bold rounded-pill btn btn-orange\" aria-label=\"Laden Sie die HappyJokers-App herunter\" >Laden Sie die HappyJokers-App herunter<\/button><\/div><div class=\"scrollable-content-wrap my-5\"><div class=\"scrollable-content-inner\"><h2>Spiele Happy Jokers Casino auf Mac oder Windows<\/h2>\n<p>F\u00fcr alle, die alle Vorteile der Happy Jokers App genie\u00dfen m\u00f6chten, aber nicht auf einen gro\u00dfen Bildschirm und hochaufl\u00f6sende Grafiken verzichten wollen, bieten wir eine Desktop-Version f\u00fcr Mac und Windows an. Genau wie die mobile App erfordert sie keinen Download aus dem App Store oder von Google Play. Die Happyjokers Casino Plattform ist mit allen Browsern kompatibel, sodass du sie in folgenden Browsern nutzen kannst:<\/p>\n<ul>\n<li>Google Chrome<\/li>\n<li>Safari<\/li>\n<li>Firefox<\/li>\n<li>Opera<\/li>\n<li>Microsoft Edge und anderen.<\/li>\n<\/ul>\n<p>Mit Ihrer Zustimmung kann die App auch Ihre Anmeldedaten speichern, was Ihnen einen noch schnelleren Zugriff auf Ihr Konto und die Spielbereiche erm\u00f6glicht. Und sollten Sie Probleme haben, verf\u00fcgt die Happyjokers App \u00fcber einen integrierten Live-Chat, \u00fcber den Sie unser Support-Team kontaktieren k\u00f6nnen.<\/p>\n<h2>So installieren Sie die Happyjokers App auf jedem Ger\u00e4t<\/h2>\n<p>Die App ist in wenigen Sekunden installiert. Um die neueste Version von Happy Jokers zu erhalten, gehen Sie einfach wie folgt vor:<\/p>\n<ol>\n<li>Besuchen Sie unsere Website von einem mobilen Ger\u00e4t aus.<\/li>\n<li>Klicken Sie auf das gold-gr\u00fcne Symbol, das wie ein Smartphone aussieht.<\/li>\n<li>Klicken Sie im sich \u00f6ffnenden Fenster auf die Schaltfl\u00e4che \u201eInstallieren\u201c.<\/li>\n<li>Warten Sie ein paar Sekunden und genie\u00dfen Sie den vollen Funktionsumfang der App.<\/li>\n<\/ol>\n<p>Jetzt sind Sie startklar: Wenn Sie bereits angemeldet sind, m\u00fcssen Sie Ihre Daten nicht erneut eingeben oder den Verifizierungsprozess durchlaufen. Sie k\u00f6nnen die Happyjokers App sofort nutzen und sich davon \u00fcberzeugen, wie praktisch und funktionsreich sie ist.<\/p>\n<p>Gleichzeitig wird die mobile Software nicht wie ein normales Programm heruntergeladen und belegt keinen zus\u00e4tzlichen Speicherplatz auf Ihrem Ger\u00e4t. Das bedeutet, dass alle zuk\u00fcnftigen Updates f\u00fcr Ihr Konto oder die Spielebibliothek der Happyjokers App automatisch durchgef\u00fchrt werden.<\/p>\n<p><img loading=\"lazy\" decoding=\"async\" src=\"https:\/\/thehappyjokers.com\/wp-content\/uploads\/HappyJokers-Desktop.webp\" alt=\"HappyJokers Desktop\" width=\"1248\" height=\"536\" \/><\/p>\n<\/div><\/div><div style=\"clear: both\"><\/div><div class=\"d-flex justify-content-center\"><button data-item=\"decouvrez_link\" data-group=\"website_links\" class=\"goto fw-bold rounded-pill btn btn-orange\" aria-label=\"Laden Sie die HappyJokers-App herunter\" >Laden Sie die HappyJokers-App herunter<\/button><\/div><div class=\"scrollable-content-wrap my-5\"><div class=\"scrollable-content-inner\"><h2>FAQ<\/h2>\n<h3>Was ist eine PWA und wie unterscheidet sie sich von einem normalen Download aus dem App Store?<\/h3>\n<p>PWAs sind Websites, die wie Anwendungen funktionieren und \u00e4hnliche Merkmale aufweisen, wie z. B. Symbole. Im Gegensatz zu herk\u00f6mmlicher mobiler Software m\u00fcssen sie nicht aus einem App-Store heruntergeladen werden. Sie k\u00f6nnen unsere L\u00f6sung direkt von der Happyjokers Casino Plattform installieren, sodass der Vorgang viel einfacher und schneller ist.<\/p>\n<h3>Muss ich ein neues Konto erstellen, um die mobile Version von Happy Jokers zu nutzen?<\/h3>\n<p>Wenn Sie bereits ein Profil haben, m\u00fcssen Sie dies nicht tun: Ihre Daten und Aktivit\u00e4ten sind auch in der mobilen Version verf\u00fcgbar. Wenn Sie jedoch noch kein Konto haben, k\u00f6nnen Sie sich anmelden und eine kurze Verifizierung durchf\u00fchren.<\/p>\n<h3>Kann ich die Verkn\u00fcpfung entfernen, ohne mein Konto oder meinen Spielverlauf zu verlieren?<\/h3>\n<p>Wenn Sie die Verkn\u00fcpfung entfernen, verschwindet lediglich deren Anzeige. Ihr Konto bleibt auf dem Server gespeichert, sodass Ihre Anmeldedaten und andere wichtige Informationen sicher sind. Sollten Sie die Verkn\u00fcpfung zur Happyjokers App versehentlich l\u00f6schen, machen Sie sich keine Sorgen: Gehen Sie einfach auf unsere Website und klicken Sie erneut auf die Schaltfl\u00e4che \u201eInstallieren\u201c.<\/p>\n<h3>Kann ich mich bei der Happyjokers App mit Face ID, Touch ID oder per Fingerabdruck anmelden?<\/h3>\n<p>Unsere L\u00f6sung ist eine Progressive Web App, daher unterscheiden sich die Anmeldem\u00f6glichkeiten von den \u00fcblichen. Wenn Ihr Browser eine der genannten Authentifizierungsmethoden unterst\u00fctzt, k\u00f6nnen Sie diese nutzen. Um jedoch schnellen Zugriff auf das Happyjokers Casino zu erhalten, m\u00fcssen Sie lediglich Ihr Passwort speichern: Wir verlangen keine zus\u00e4tzlichen Schritte.<\/p>\n<h3>Ist der Verifizierungsprozess \u00fcber die mobile Version verf\u00fcgbar?<\/h3>\n<p>Die mobile Version bietet dieselben Funktionen wie die Website, sodass Sie Ihr Konto auf jeder Plattform aktivieren k\u00f6nnen: Geben Sie einfach die von uns angeforderten Informationen ein, und anschlie\u00dfend m\u00fcssen Sie nur noch den Verifizierungsprozess abschlie\u00dfen.<\/p>\n<\/div><\/div><\/p>\n","protected":false},"excerpt":{"rendered":"<p>Happyjokers App: Mobile Casino-Anwendung Wenn Ihr Standort Ihr Spielerlebnis einschr\u00e4nkt, kann unsere Happyjokers App dieses Problem geschickt l\u00f6sen. Dank ihr m\u00fcssen sich unsere italienischen Nutzer keine Gedanken dar\u00fcber machen, wie sie auf ihre Lieblingstitel zugreifen k\u00f6nnen. Alles, was sie brauchen, ist lediglich eine stabile Internetverbindung. Was ist die Happyjokers App? Die mobile App ist eine [&hellip;]<\/p>\n","protected":false},"author":1,"featured_media":0,"parent":0,"menu_order":0,"comment_status":"closed","ping_status":"closed","template":"template-builder.php","meta":{"_acf_changed":false,"inline_featured_image":false,"footnotes":""},"class_list":["post-1501","page","type-page","status-publish","hentry"],"acf":[],"yoast_head":"<!-- This site is optimized with the Yoast SEO plugin v27.3 - https:\/\/yoast.com\/product\/yoast-seo-wordpress\/ -->\n<title>Happyjokers App | Casino-Spiele auf dem Handy spielen<\/title>\n<meta name=\"description\" content=\"Installiere die offizielle Happy Jokers Anwendung auf iOS oder Android. Sofortiger Zugriff auf 6000+ Spiele, Live-Casino und schnelle sichere Auszahlungen per Einzel-Tap.\" \/>\n<meta name=\"robots\" content=\"index, follow, max-snippet:-1, max-image-preview:large, max-video-preview:-1\" \/>\n<link rel=\"canonical\" href=\"https:\/\/thehappyjokers.com\/de\/app\/\" \/>\n<meta property=\"og:locale\" content=\"de_DE\" \/>\n<meta property=\"og:type\" content=\"article\" \/>\n<meta property=\"og:title\" content=\"Happyjokers App | Casino-Spiele auf dem Handy spielen\" \/>\n<meta property=\"og:description\" content=\"Installiere die offizielle Happy Jokers Anwendung auf iOS oder Android. Sofortiger Zugriff auf 6000+ Spiele, Live-Casino und schnelle sichere Auszahlungen per Einzel-Tap.\" \/>\n<meta property=\"og:url\" content=\"https:\/\/thehappyjokers.com\/de\/app\/\" \/>\n<meta property=\"og:site_name\" content=\"Happyjokers\" \/>\n<meta property=\"article:modified_time\" content=\"2026-04-10T11:09:25+00:00\" \/>\n<meta name=\"twitter:card\" content=\"summary_large_image\" \/>\n<meta name=\"twitter:label1\" content=\"Gesch\u00e4tzte Lesezeit\" \/>\n\t<meta name=\"twitter:data1\" content=\"2\u00a0Minuten\" \/>\n<script type=\"application\/ld+json\" class=\"yoast-schema-graph\">{\"@context\":\"https:\\\/\\\/schema.org\",\"@graph\":[{\"@type\":\"WebPage\",\"@id\":\"https:\\\/\\\/thehappyjokers.com\\\/de\\\/app\\\/\",\"url\":\"https:\\\/\\\/thehappyjokers.com\\\/de\\\/app\\\/\",\"name\":\"Happyjokers App | Casino-Spiele auf dem Handy spielen\",\"isPartOf\":{\"@id\":\"https:\\\/\\\/thehappyjokers.com\\\/de\\\/#website\"},\"datePublished\":\"2026-04-06T07:21:58+00:00\",\"dateModified\":\"2026-04-10T11:09:25+00:00\",\"description\":\"Installiere die offizielle Happy Jokers Anwendung auf iOS oder Android. Sofortiger Zugriff auf 6000+ Spiele, Live-Casino und schnelle sichere Auszahlungen per Einzel-Tap.\",\"breadcrumb\":{\"@id\":\"https:\\\/\\\/thehappyjokers.com\\\/de\\\/app\\\/#breadcrumb\"},\"inLanguage\":\"de\",\"potentialAction\":[{\"@type\":\"ReadAction\",\"target\":[\"https:\\\/\\\/thehappyjokers.com\\\/de\\\/app\\\/\"]}]},{\"@type\":\"BreadcrumbList\",\"@id\":\"https:\\\/\\\/thehappyjokers.com\\\/de\\\/app\\\/#breadcrumb\",\"itemListElement\":[{\"@type\":\"ListItem\",\"position\":1,\"name\":\"Happyjokers\",\"item\":\"https:\\\/\\\/thehappyjokers.com\\\/de\\\/\"},{\"@type\":\"ListItem\",\"position\":2,\"name\":\"App\"}]},{\"@type\":\"WebSite\",\"@id\":\"https:\\\/\\\/thehappyjokers.com\\\/de\\\/#website\",\"url\":\"https:\\\/\\\/thehappyjokers.com\\\/de\\\/\",\"name\":\"Happyjokers\",\"description\":\"\",\"publisher\":{\"@id\":\"https:\\\/\\\/thehappyjokers.com\\\/de\\\/#organization\"},\"potentialAction\":[{\"@type\":\"SearchAction\",\"target\":{\"@type\":\"EntryPoint\",\"urlTemplate\":\"https:\\\/\\\/thehappyjokers.com\\\/de\\\/?s={search_term_string}\"},\"query-input\":{\"@type\":\"PropertyValueSpecification\",\"valueRequired\":true,\"valueName\":\"search_term_string\"}}],\"inLanguage\":\"de\"},{\"@type\":\"Organization\",\"@id\":\"https:\\\/\\\/thehappyjokers.com\\\/de\\\/#organization\",\"name\":\"Happyjokers\",\"url\":\"https:\\\/\\\/thehappyjokers.com\\\/de\\\/\",\"logo\":{\"@type\":\"ImageObject\",\"inLanguage\":\"de\",\"@id\":\"https:\\\/\\\/thehappyjokers.com\\\/de\\\/#\\\/schema\\\/logo\\\/image\\\/\",\"url\":\"https:\\\/\\\/thehappyjokers.com\\\/wp-content\\\/uploads\\\/2026\\\/02\\\/Casino-Logo-Desktop-1.png\",\"contentUrl\":\"https:\\\/\\\/thehappyjokers.com\\\/wp-content\\\/uploads\\\/2026\\\/02\\\/Casino-Logo-Desktop-1.png\",\"width\":237,\"height\":91,\"caption\":\"Happyjokers\"},\"image\":{\"@id\":\"https:\\\/\\\/thehappyjokers.com\\\/de\\\/#\\\/schema\\\/logo\\\/image\\\/\"}}]}<\/script>\n<!-- \/ Yoast SEO plugin. -->","yoast_head_json":{"title":"Happyjokers App | Casino-Spiele auf dem Handy spielen","description":"Installiere die offizielle Happy Jokers Anwendung auf iOS oder Android. Sofortiger Zugriff auf 6000+ Spiele, Live-Casino und schnelle sichere Auszahlungen per Einzel-Tap.","robots":{"index":"index","follow":"follow","max-snippet":"max-snippet:-1","max-image-preview":"max-image-preview:large","max-video-preview":"max-video-preview:-1"},"canonical":"https:\/\/thehappyjokers.com\/de\/app\/","og_locale":"de_DE","og_type":"article","og_title":"Happyjokers App | Casino-Spiele auf dem Handy spielen","og_description":"Installiere die offizielle Happy Jokers Anwendung auf iOS oder Android. Sofortiger Zugriff auf 6000+ Spiele, Live-Casino und schnelle sichere Auszahlungen per Einzel-Tap.","og_url":"https:\/\/thehappyjokers.com\/de\/app\/","og_site_name":"Happyjokers","article_modified_time":"2026-04-10T11:09:25+00:00","twitter_card":"summary_large_image","twitter_misc":{"Gesch\u00e4tzte Lesezeit":"2\u00a0Minuten"},"schema":{"@context":"https:\/\/schema.org","@graph":[{"@type":"WebPage","@id":"https:\/\/thehappyjokers.com\/de\/app\/","url":"https:\/\/thehappyjokers.com\/de\/app\/","name":"Happyjokers App | Casino-Spiele auf dem Handy spielen","isPartOf":{"@id":"https:\/\/thehappyjokers.com\/de\/#website"},"datePublished":"2026-04-06T07:21:58+00:00","dateModified":"2026-04-10T11:09:25+00:00","description":"Installiere die offizielle Happy Jokers Anwendung auf iOS oder Android. Sofortiger Zugriff auf 6000+ Spiele, Live-Casino und schnelle sichere Auszahlungen per Einzel-Tap.","breadcrumb":{"@id":"https:\/\/thehappyjokers.com\/de\/app\/#breadcrumb"},"inLanguage":"de","potentialAction":[{"@type":"ReadAction","target":["https:\/\/thehappyjokers.com\/de\/app\/"]}]},{"@type":"BreadcrumbList","@id":"https:\/\/thehappyjokers.com\/de\/app\/#breadcrumb","itemListElement":[{"@type":"ListItem","position":1,"name":"Happyjokers","item":"https:\/\/thehappyjokers.com\/de\/"},{"@type":"ListItem","position":2,"name":"App"}]},{"@type":"WebSite","@id":"https:\/\/thehappyjokers.com\/de\/#website","url":"https:\/\/thehappyjokers.com\/de\/","name":"Happyjokers","description":"","publisher":{"@id":"https:\/\/thehappyjokers.com\/de\/#organization"},"potentialAction":[{"@type":"SearchAction","target":{"@type":"EntryPoint","urlTemplate":"https:\/\/thehappyjokers.com\/de\/?s={search_term_string}"},"query-input":{"@type":"PropertyValueSpecification","valueRequired":true,"valueName":"search_term_string"}}],"inLanguage":"de"},{"@type":"Organization","@id":"https:\/\/thehappyjokers.com\/de\/#organization","name":"Happyjokers","url":"https:\/\/thehappyjokers.com\/de\/","logo":{"@type":"ImageObject","inLanguage":"de","@id":"https:\/\/thehappyjokers.com\/de\/#\/schema\/logo\/image\/","url":"https:\/\/thehappyjokers.com\/wp-content\/uploads\/2026\/02\/Casino-Logo-Desktop-1.png","contentUrl":"https:\/\/thehappyjokers.com\/wp-content\/uploads\/2026\/02\/Casino-Logo-Desktop-1.png","width":237,"height":91,"caption":"Happyjokers"},"image":{"@id":"https:\/\/thehappyjokers.com\/de\/#\/schema\/logo\/image\/"}}]}},"_links":{"self":[{"href":"https:\/\/thehappyjokers.com\/de\/wp-json\/wp\/v2\/pages\/1501","targetHints":{"allow":["GET"]}}],"collection":[{"href":"https:\/\/thehappyjokers.com\/de\/wp-json\/wp\/v2\/pages"}],"about":[{"href":"https:\/\/thehappyjokers.com\/de\/wp-json\/wp\/v2\/types\/page"}],"author":[{"embeddable":true,"href":"https:\/\/thehappyjokers.com\/de\/wp-json\/wp\/v2\/users\/1"}],"replies":[{"embeddable":true,"href":"https:\/\/thehappyjokers.com\/de\/wp-json\/wp\/v2\/comments?post=1501"}],"version-history":[{"count":4,"href":"https:\/\/thehappyjokers.com\/de\/wp-json\/wp\/v2\/pages\/1501\/revisions"}],"predecessor-version":[{"id":2035,"href":"https:\/\/thehappyjokers.com\/de\/wp-json\/wp\/v2\/pages\/1501\/revisions\/2035"}],"wp:attachment":[{"href":"https:\/\/thehappyjokers.com\/de\/wp-json\/wp\/v2\/media?parent=1501"}],"curies":[{"name":"wp","href":"https:\/\/api.w.org\/{rel}","templated":true}]}}